{"id":756,"date":"2023-08-29T09:26:42","date_gmt":"2023-08-29T06:26:42","guid":{"rendered":"https:\/\/ambminsk.esteri.it\/?page_id=756"},"modified":"2023-08-29T11:46:49","modified_gmt":"2023-08-29T08:46:49","slug":"attivita-di-autenticazione","status":"publish","type":"page","link":"https:\/\/ambminsk.esteri.it\/it\/servizi-consolari-e-visti\/servizi-per-il-cittadino-italiano\/servizi-notarili\/attivita-di-autenticazione\/","title":{"rendered":"Attivit\u00e0 di autenticazione"},"content":{"rendered":"<p><strong>AUTENTICAZIONE NOTARILE DI FIRMA.<\/strong><br \/>\nL&#8217;autentica notarile di firma (ex art. 1 Legge Notarile) pu\u00f2 essere effettuata, ai sensi dell\u2019art. 28 del D. Lgs. n. 71\/2011, solo a favore di cittadini italiani. La nozione generale di sottoscrizione autenticata \u00e8 data dall\u2019art. 2703, comma 2, del codice civile: \u201cl\u2019autenticazione consiste nell\u2019attestazione da parte del pubblico ufficiale che la sottoscrizione \u00e8 stata apposta in sua presenza. Il pubblico ufficiale deve previamente accertare l\u2019identit\u00e0 della persona che sottoscrive\u201d. Ai sensi dell\u2019art. 2702 c.c., l\u2019autentica di firma non conferisce alcun carattere di autenticit\u00e0 alla sostanza dell\u2019atto, ma fa prova, fino a querela di falso, della sua provenienza. Le modalit\u00e0 di autenticazione di firma da parte del notaio &#8211; rette dagli artt. 2703 del codice civile, 72 della Legge Notarile n. 89\/1913, 86 del Regolamento notarile (approvato con R.D. 10 settembre 1914, n. 1326) e 20 della l. n. 15\/1968 &#8211; si applicano anche all&#8217;autentica notarile consolare.<\/p>\n<p><strong>AUTENTICAZIONE AMMINISTRATIVA DI FIRMA:<\/strong><br \/>\nIl D.P.R. 28 dicembre 2000, n. 445 dispone che, per i cittadini italiani o dell\u2019Unione Europea e gli stranieri regolarmente soggiornanti in Italia (art. 3), la sottoscrizione di domande o di dichiarazioni da presentare alla Pubblica Amministrazione o ai gestori di pubblici servizi non deve pi\u00f9 essere autenticata, ma \u00e8 sufficiente allegarvi copia di un valido documento di identit\u00e0 del sottoscrittore. L\u2019autentica rimane invece necessaria, anche per gli stessi soggetti ex art. 3 sopracitato, in caso di istanza presentata a privati ovvero a fini di riscossione di benefici economici da parte di terzi (ad esempio, in caso di deleghe per ritiro di pensioni, passaggi di propriet\u00e0 di veicoli, apertura di un conto in banca, ecc.). Per gli stranieri non regolarmente soggiornanti in Italia e non cittadini dell\u2019Unione Europea, l\u2019autentica amministrativa \u00e8 sempre necessaria.<\/p>\n<p>Differenze tra autenticazione notarile e autenticazione amministrativa.<\/p>\n<ul>\n<li>L\u2019autenticazione amministrativa si caratterizza per la pluralit\u00e0 dei soggetti legittimati all\u2019autenticazione (indicati all\u2019art. 21 D.P.R. 445\/2000: notaio, cancelliere, segretario comunale, dipendente addetto a ricevere la documentazione o altro dipendente incaricato dal Sindaco), che costituisce un\u2019eccezione al principio generale della competenza notarile.<\/li>\n<li>L\u2019autentica amministrativa si limita a documentare una situazione giuridica o fattuale, senza costituirla o modificarla, a riprodurre informazioni desunte da altri atti gi\u00e0 documentati e non ha distinta ed autonoma efficacia giuridica.<\/li>\n<li>Nell&#8217;autentica notarile, inoltre, il funzionario non si limita ad attestare che la firma sul documento \u00e8 stata apposta in sua presenza, ma controlla che il contenuto dell&#8217;atto sia conforme alla legge, all&#8217;ordine pubblico e al buon costume.<\/li>\n<\/ul>\n<p><strong>AUTENTICAZIONE DI FOTOGRAFIA:<\/strong><br \/>\nconsiste nell&#8217;attestazione che un&#8217;immagine fotografica corrisponde alla persona dell&#8217;interessato.<br \/>\nIl richiedente dovr\u00e0 presentarsi &#8211; previo appuntamento &#8211; presso l\u2019ufficio consolare munito di un valido documento di riconoscimento e del documento o della fotografia da autenticare.<\/p>\n<p>L\u2019attivit\u00e0 di autenticazione \u00e8 soggetta al\u00a0<strong>pagamento dei diritti<\/strong>\u00a0di cui alla\u00a0<a title=\"Tariffa consolare\" href=\"https:\/\/ambminsk.esteri.it\/wp-content\/uploads\/2023\/08\/tariffa_consolare_aggiornata__2017.pdf\">Tariffa consolare<\/a>\u00a0attualmente vigente.<\/p>\n<p>In attuazione dell\u2019art. 28 del D. Lgs. 71\/2011, il Decreto del Ministro degli Affari Esteri del 31 ottobre 2011\u00a0<strong>limita, a partire dal 1\u00b0 gennaio 2012, l\u2019erogazione dei servizi notarili da parte degli Uffici consolari aventi sede in Austria, Belgio, Francia, Germania e Lettonia<\/strong>.<br \/>\nTale scelta si basa, in primo luogo, sull\u2019esistenza di convenzioni bilaterali o multilaterali che hanno soppresso, per gli atti provenienti da tali Paesi, la necessit\u00e0 di legalizzazione o apostille e, in secondo luogo, sul fatto che i Notariati presenti in tali Paesi hanno aderito all\u2019Unione Internazionale del Notariato (U.I.N.L.), elemento ritenuto idoneo a garantire la\u00a0<strong>presenza in loco di adeguati servizi notarili<\/strong>.<br \/>\nIl provvedimento prevede comunque che il Capo dell\u2019Ufficio Consolare possa ricevere &#8211; previa verifica della oggettiva e documentata impossibilit\u00e0 da parte del connazionale di rivolgersi ad un notaio in loco &#8211; atti che rivestono carattere di necessit\u00e0 e urgenza, quando dal ritardo possa derivare pregiudizio al cittadino.<\/p>\n","protected":false},"excerpt":{"rendered":"AUTENTICAZIONE NOTARILE DI FIRMA. L&#8217;autentica notarile di firma (ex art. 1 Legge Notarile) pu\u00f2 essere effettuata, ai sensi dell\u2019art. 28 del D. Lgs. n. 71\/2011, solo a favore di cittadini italiani. La nozione generale di sottoscrizione autenticata \u00e8 data dall\u2019art. 2703, comma 2, del codice civile: \u201cl\u2019autenticazione consiste nell\u2019attestazione da parte del pubblico ufficiale che [&hellip;]","protected":false},"author":4,"featured_media":0,"parent":71,"menu_order":2,"comment_status":"closed","ping_status":"closed","template":"","meta":{"footnotes":""},"class_list":["post-756","page","type-page","status-publish","hentry"],"_links":{"self":[{"href":"https:\/\/ambminsk.esteri.it\/it\/wp-json\/wp\/v2\/pages\/756","targetHints":{"allow":["GET"]}}],"collection":[{"href":"https:\/\/ambminsk.esteri.it\/it\/wp-json\/wp\/v2\/pages"}],"about":[{"href":"https:\/\/ambminsk.esteri.it\/it\/wp-json\/wp\/v2\/types\/page"}],"author":[{"embeddable":true,"href":"https:\/\/ambminsk.esteri.it\/it\/wp-json\/wp\/v2\/users\/4"}],"replies":[{"embeddable":true,"href":"https:\/\/ambminsk.esteri.it\/it\/wp-json\/wp\/v2\/comments?post=756"}],"version-history":[{"count":1,"href":"https:\/\/ambminsk.esteri.it\/it\/wp-json\/wp\/v2\/pages\/756\/revisions"}],"predecessor-version":[{"id":757,"href":"https:\/\/ambminsk.esteri.it\/it\/wp-json\/wp\/v2\/pages\/756\/revisions\/757"}],"up":[{"embeddable":true,"href":"https:\/\/ambminsk.esteri.it\/it\/wp-json\/wp\/v2\/pages\/71"}],"wp:attachment":[{"href":"https:\/\/ambminsk.esteri.it\/it\/wp-json\/wp\/v2\/media?parent=756"}],"curies":[{"name":"wp","href":"https:\/\/api.w.org\/{rel}","templated":true}]}}