{"id":749,"date":"2023-08-29T09:23:31","date_gmt":"2023-08-29T06:23:31","guid":{"rendered":"https:\/\/ambminsk.esteri.it\/?page_id=749"},"modified":"2023-08-29T11:47:14","modified_gmt":"2023-08-29T08:47:14","slug":"procura","status":"publish","type":"page","link":"https:\/\/ambminsk.esteri.it\/it\/servizi-consolari-e-visti\/servizi-per-il-cittadino-italiano\/servizi-notarili\/procura\/","title":{"rendered":"Procura"},"content":{"rendered":"<p>La procura \u00e8 l\u2019atto mediante il quale un soggetto (rappresentato) conferisce ad altro soggetto (rappresentante) il potere di agire in suo nome e conto nel compimento di atti giuridici i cui effetti sorgeranno direttamente in capo al rappresentato.<\/p>\n<p>Le procure, a seconda che vengano conferite per il compimento di attivit\u00e0 non preventivamente determinate o per lo svolgimento di specifici compiti, possono essere generali o speciali.<\/p>\n<ul>\n<li><strong>Procura generale<\/strong>:<br \/>\ncon questo atto l&#8217;interessato affida al rappresentante la gestione di tutti i suoi affari, sia presenti sia futuri. La procura generale \u00e8 rilasciata a tempo indeterminato ed \u00e8 efficace fino a revoca;<\/li>\n<li><strong>Procura speciale<\/strong>:<br \/>\ncon questo atto l&#8217;interessato affida al rappresentante la gestione di una parte specifica dei suoi affari. La procura speciale cessa di avere efficacia nel momento in cui l&#8217;incarico particolare per il quale \u00e8 stata rilasciata si conclude.<\/li>\n<\/ul>\n<p>Il primo comma dell\u2019art. 28 del D.lgs. n. 71\/2011 \u201cOrdinamento e funzioni degli uffici consolari\u201d, entrato in vigore il 28 maggio 2011, prescrive che le funzioni consolari in materia notarile possono essere esercitate esclusivamente nei confronti dei cittadini italiani e non pi\u00f9 anche dei non cittadini, come era invece previsto dalla precedente normativa. In particolare, nel caso di danti procura (generale o speciale) cittadini stranieri, il Capo dell\u2019Ufficio consolare non potr\u00e0 esercitare in merito le proprie competenze notarili.<\/p>\n<p><strong>DATI E DOCUMENTI NECESSARI PER CONFERIRE UNA PROCURA<\/strong><\/p>\n<p><strong>Procura Generale:<\/strong><br \/>\nPer conferire tale procura occorre presentarsi di persona all&#8217;Ufficio Notarile, previo appuntamento, con i seguenti documenti:<\/p>\n<ul>\n<li>un documento di riconoscimento<\/li>\n<li>il proprio codice fiscale<\/li>\n<li>le generalit\u00e0 complete della persona cui si intende conferire la procura generale (N.B.: se il richiedente \u00e8 coniugato e il regime patrimoniale prescelto \u00e8 la comunione dei beni, la procura deve essere sottoscritta da entrambi i coniugi).<\/li>\n<\/ul>\n<p><strong>Procura Speciale:<\/strong><\/p>\n<p><strong>Procura speciale alle liti.<\/strong><br \/>\nSi conferisce al proprio avvocato di fiducia per essere rappresentati in giudizio in Italia.<br \/>\nPer conferire tale procura occorre presentarsi di persona all&#8217;Ufficio Notarile, previo appuntamento, portando con s\u00e9:<\/p>\n<ul>\n<li>un documento di riconoscimento<\/li>\n<li>il proprio codice fiscale<\/li>\n<li>le generalit\u00e0 complete della persona cui si intende conferire la procura, l&#8217;indirizzo dello studio in cui esercita la professione e i dati di riferimento della causa (tribunale competente e tipo di causa).<\/li>\n<\/ul>\n<p><strong>Procura speciale per l&#8217;acquisto o la vendita di immobili.<\/strong><br \/>\nPer conferire tale procura occorre presentarsi di persona all&#8217;Ufficio Notarile, previo appuntamento, con:<\/p>\n<ul>\n<li>un documento di riconoscimento<\/li>\n<li>il proprio codice fiscale<\/li>\n<li>le generalit\u00e0 complete della persona cui si intende conferire la procura ed una dettagliata descrizione dei beni (eventualmente copia dell&#8217;estratto catastale).<\/li>\n<li>Procura speciale per la vendita di autovetture.<br \/>\nPer conferire tale procura, occorre presentarsi di persona all&#8217;Ufficio Notarile, previo appuntamento, con un documento di riconoscimento, il proprio codice fiscale, le generalit\u00e0 complete della persona cui si intende conferire la procura e il libretto di propriet\u00e0 dell&#8217;autovettura.<\/li>\n<\/ul>\n<p><strong>Procura speciale per la vendita di autovetture<\/strong><br \/>\nPer conferire tale procura, occorre presentarsi di persona all&#8217;Ufficio Notarile, previo appuntamento, con:<\/p>\n<ul>\n<li>un documento di riconoscimento<\/li>\n<li>il proprio codice fiscale<\/li>\n<li>le generalit\u00e0 complete della persona cui si intende conferire la procura<\/li>\n<li>il libretto di propriet\u00e0 dell&#8217;autovettura.<\/li>\n<\/ul>\n<p><strong>Procura speciale a riscuotere<\/strong><br \/>\nPer conferire tale procura occorre presentarsi di persona all&#8217;Ufficio Notarile, previo appuntamento, con:<\/p>\n<ul>\n<li>un documento di riconoscimento<\/li>\n<li>il proprio codice fiscale<\/li>\n<li>le generalit\u00e0 complete della persona cui si intende conferire la procura<\/li>\n<li>il numero, la data di emissione e la denominazione dell&#8217;Ufficio pagatore, se si tratta di vaglia postale o assegno bancario (N.B.: nel caso di prelievo di somme da un conto corrente bancario o postale, occorre indicare il nome dell&#8217;Istituto bancario o dell&#8217;Ufficio postale, il numero del conto o del libretto di deposito e la somma che si intende far prelevare dal conto).<\/li>\n<\/ul>\n<p><strong>Procura speciale per accettazione di eredit\u00e0.<\/strong><br \/>\nPer conferire tale procura occorre presentarsi di persona all&#8217;Ufficio Notarile, previo appuntamento, muniti di:<\/p>\n<ul>\n<li>un documento di riconoscimento<\/li>\n<li>il proprio codice fiscale<\/li>\n<li>le generalit\u00e0 complete della persona cui si intende conferire la procura<\/li>\n<li>i dati del defunto, comprensivi del luogo e data di nascita e di morte.<\/li>\n<\/ul>\n<p><strong>Procura speciale per rinuncia ad eredit\u00e0<\/strong><br \/>\nPer conferire tale procura occorre presentarsi di persona all&#8217;Ufficio Notarile in presenza di due testimoni, previo appuntamento, con:<\/p>\n<ul>\n<li>un documento di riconoscimento<\/li>\n<li>il proprio codice fiscale<\/li>\n<li>le generalit\u00e0 complete della persona cui si intende conferire la procura<\/li>\n<li>i dati del defunto, comprensivi del luogo e data di nascita e di morte.<\/li>\n<\/ul>\n<p><strong>Procura speciale per accettazione di donazione<\/strong><br \/>\nPer conferire tale procura occorre presentarsi di persona all&#8217;Ufficio Notarile in presenza di due testimoni, previo appuntamento, muniti di:<\/p>\n<ul>\n<li>un documento di riconoscimento<\/li>\n<li>il proprio codice fiscale<\/li>\n<li>le generalit\u00e0 complete della persona cui si intende conferire la procura<\/li>\n<li>le generalit\u00e0 del donante la descrizione dettagliata dei beni oggetto della donazione.<\/li>\n<\/ul>\n<p><strong>Procura speciale a donare<\/strong><br \/>\nPer conferire tale procura occorre presentarsi di persona all&#8217;Ufficio Notarile in presenza di due testimoni, previo appuntamento, con:<\/p>\n<ul>\n<li>un documento di riconoscimento<\/li>\n<li>il proprio codice fiscale<\/li>\n<li>le generalit\u00e0 complete della persona cui si intende conferire la procura<\/li>\n<li>la descrizione dettagliata dei beni (con dati catastali se si tratta di un immobile) oggetto della donazione<\/li>\n<li>le generalit\u00e0 complete del beneficiario della donazione.<\/li>\n<\/ul>\n<p><strong>Procura speciale per pubblicazioni<\/strong><br \/>\nPer conferire tale procura occorre che i futuri sposi si presentino di persona all&#8217;Ufficio Notarile, previo appuntamento, muniti di:<\/p>\n<ul>\n<li>un documento di riconoscimento<\/li>\n<li>il proprio codice fiscale<\/li>\n<li>le generalit\u00e0 complete delle persone cui intendono conferire la procura.<\/li>\n<\/ul>\n<p>La procura non ha effetto se non \u00e8 conferita con le forme prescritte per l&#8217;atto che il rappresentante deve concludere.<\/p>\n<p><strong>Colui che ha rilasciato una procura pu\u00f2 in qualsiasi momento revocarla, a meno che nell&#8217;atto non sia stato specificato che la procura \u00e8 irrevocabile.<\/strong>\u00a0La revoca pu\u00f2 riguardare sia una procura rilasciata nel Consolato della circoscrizione presso cui l&#8217;interessato \u00e8 residente, sia rilasciata presso altri Consolati o presso un notaio italiano. Per ottenere la\u00a0<strong>revoca di una procura<\/strong>, l&#8217;interessato deve presentarsi all&#8217;Ufficio Notarile con una copia della procura che intende revocare o, in sua mancanza, con tutti i dati essenziali della medesima (ad esempio: il Consolato o il Notaio che \u00e8 intervenuto nell&#8217;atto, la data del rilascio, il numero di repertorio, i dati personali completi del mandatario). L&#8217;interessato deve provvedere per proprio conto a trasmettere la revoca al procuratore revocato ed al notaio italiano presso il quale era depositata la procura revocata.<\/p>\n<p>Il rilascio della procura \u00e8 soggetto al\u00a0<strong>pagamento dei diritti<\/strong>\u00a0di cui alla\u00a0<a title=\"Tariffa consolare\" href=\"https:\/\/ambminsk.esteri.it\/wp-content\/uploads\/2023\/08\/tariffa_consolare_aggiornata__2017.pdf\">Tariffa consolare<\/a>\u00a0attualmente vigente.<\/p>\n<p>In attuazione dell\u2019art. 28 del D. Lgs. 71\/2011, il Decreto del Ministro degli Affari Esteri del 31 ottobre 2011\u00a0<strong>limita, a partire dal 1\u00b0 gennaio 2012, l\u2019erogazione dei servizi notarili da parte degli Uffici consolari aventi sede in Austria, Belgio, Francia, Germania e Lettonia.<\/strong><br \/>\nTale scelta si basa, in primo luogo, sull\u2019esistenza di convenzioni bilaterali o multilaterali che hanno soppresso, per gli atti provenienti da tali Paesi, la necessit\u00e0 di legalizzazione o apostille e, in secondo luogo, sul fatto che i Notariati presenti in tali Paesi hanno aderito all\u2019Unione Internazionale del Notariato (U.I.N.L.), elemento ritenuto idoneo a garantire la\u00a0<strong>presenza in loco di adeguati servizi notarili<\/strong>.<\/p>\n<p>Per avere efficacia in Italia gli atti dovranno comunque essere tradotti.<\/p>\n<p>Il provvedimento prevede tuttavia che il Capo dell\u2019Ufficio Consolare possa ricevere &#8211; previa verifica della oggettiva e documentata impossibilit\u00e0 da parte del connazionale di rivolgersi ad un notaio in loco &#8211; atti che rivestono carattere di necessit\u00e0 e urgenza, quando dal ritardo possa derivare pregiudizio al cittadino.<\/p>\n","protected":false},"excerpt":{"rendered":"La procura \u00e8 l\u2019atto mediante il quale un soggetto (rappresentato) conferisce ad altro soggetto (rappresentante) il potere di agire in suo nome e conto nel compimento di atti giuridici i cui effetti sorgeranno direttamente in capo al rappresentato. Le procure, a seconda che vengano conferite per il compimento di attivit\u00e0 non preventivamente determinate o per [&hellip;]","protected":false},"author":4,"featured_media":0,"parent":71,"menu_order":3,"comment_status":"closed","ping_status":"closed","template":"","meta":{"footnotes":""},"class_list":["post-749","page","type-page","status-publish","hentry"],"_links":{"self":[{"href":"https:\/\/ambminsk.esteri.it\/it\/wp-json\/wp\/v2\/pages\/749","targetHints":{"allow":["GET"]}}],"collection":[{"href":"https:\/\/ambminsk.esteri.it\/it\/wp-json\/wp\/v2\/pages"}],"about":[{"href":"https:\/\/ambminsk.esteri.it\/it\/wp-json\/wp\/v2\/types\/page"}],"author":[{"embeddable":true,"href":"https:\/\/ambminsk.esteri.it\/it\/wp-json\/wp\/v2\/users\/4"}],"replies":[{"embeddable":true,"href":"https:\/\/ambminsk.esteri.it\/it\/wp-json\/wp\/v2\/comments?post=749"}],"version-history":[{"count":1,"href":"https:\/\/ambminsk.esteri.it\/it\/wp-json\/wp\/v2\/pages\/749\/revisions"}],"predecessor-version":[{"id":750,"href":"https:\/\/ambminsk.esteri.it\/it\/wp-json\/wp\/v2\/pages\/749\/revisions\/750"}],"up":[{"embeddable":true,"href":"https:\/\/ambminsk.esteri.it\/it\/wp-json\/wp\/v2\/pages\/71"}],"wp:attachment":[{"href":"https:\/\/ambminsk.esteri.it\/it\/wp-json\/wp\/v2\/media?parent=749"}],"curies":[{"name":"wp","href":"https:\/\/api.w.org\/{rel}","templated":true}]}}