{"id":638,"date":"2023-08-04T16:36:36","date_gmt":"2023-08-04T13:36:36","guid":{"rendered":"https:\/\/ambminsk.esteri.it\/?page_id=638"},"modified":"2023-09-11T10:52:23","modified_gmt":"2023-09-11T07:52:23","slug":"domande-frequenti","status":"publish","type":"page","link":"https:\/\/ambminsk.esteri.it\/it\/servizi-consolari-e-visti\/servizi-per-il-cittadino-italiano\/domande-frequenti\/","title":{"rendered":"Domande frequenti"},"content":{"rendered":"<p class=\"boxLevel03\"><a title=\"FAQ Ministero Affari Esteri\" href=\"http:\/\/www.esteri.it\/MAE\/IT\/Ministero\/Servizi\/Italiani\/Sportello_Info\/DomandeFrequenti\/default.htm\"><strong>FAQ Ministero Affari Esteri<\/strong><\/a><\/p>\n<p align=\"justify\">Per le domande alle quali non avete\u00a0trovato riscontro\u00a0con la navigazione sul nostro sito potete indirizzare i vostri quesiti all&#8217;Ambasciata d&#8217;Italia a Minsk all&#8217;indirizzo e-mail:<\/p>\n<p><a href=\"mailto:ambasciata.minsk@esteri.it\">ambasciata.minsk@esteri.it<\/a><\/p>\n<p>Sar\u00e0 nostra cura raccogliere le domande formulate pi\u00f9 frequentemente e renderle disponibili on-line con le relative risposte.<\/p>\n<p><strong>Alcuni esempi di FAQ, relative alle attivit\u00e0 della Sezione consolare\/visti:<br \/>\n<\/strong><br \/>\n1. Sono uno studente bielorusso: come posso immatricolarmi presso Universit\u00e0 italiane?<\/p>\n<p>Risposta: Ogni anno (in genere in primavera) il Ministero dell&#8217;Universit\u00e0 e della Ricerca pubblica specifiche &#8220;Disposizioni&#8221; sull&#8217;immatricolazione di studenti stranieri presso Univerist\u00e0 italiane. Della pubblicazione di tali disposizioni, questa Ambasciata d\u00e0 notizia anche su questo sito web. Informazioni sulle date di presentazione delle domande di preiscrizione o sulla documentazione da allegare saranno disponibili successivamente alla pubblicazione di tali disposizioni.<\/p>\n<p>2. Ai fini del rilascio di un visto di ingresso a favore di un cittadino bielorusso, sono un invitante: posso inviare la documentazione che raccolgo per l&#8217;invitato bielorusso direttamente presso l&#8217;Ambasciata d&#8217;Italia in Minsk?<\/p>\n<p>Risposta: in nessun caso. La documentazione necessaria ai fini del rilascio del visto dovr\u00e0 essere inviata esclusivamente all&#8217;interessato. L&#8217;Ambasciata d&#8217;Italia in Minsk infatti riceve la documentazione esclusivamente dall&#8217;interessato, che porter\u00e0 con s\u00e8 l&#8217;originale (che l&#8217;Ambasciata visioner\u00e0 ma non tratterr\u00e0) e la copia della stessa documentazione (copia che sar\u00e0\u00a0trattenuta dall&#8217;Ambasciata).<\/p>\n<p>3. Sono un cittadino italiano e mi recher\u00f2 nella Repubblica di Belarus. A chi devo rivolgermi per l&#8217;ottenimento del visto bielorusso?<\/p>\n<p>Risposta: Ad una Rappresentanza bielorussa, non all&#8217;Ambasciata d&#8217;Italia in Minsk che \u00e8 competente in materia di visti di ingresso\u00a0a favore di\u00a0cittadini stranieri che intendano recarsi in Italia.<\/p>\n<p><strong>Alcuni esempi di FAQ, relative alle attivit\u00e0 dell&#8217;Ufficio Culturale:<\/strong><\/p>\n<p>1. Sono un cittadino bielorusso maggiorenne interessato a conoscere le possibilit\u00e0 di studio in Italia.<\/p>\n<p>Risposta: Una panoramica delle possibilit\u00e0 di studio in Italia \u00e8 offerta sul sito\u00a0<a href=\"http:\/\/www.study-in-italy.it\/\">www.study-in-italy.it<\/a>\u00a0a cura del Ministero dell&#8217;Istruzione, Universit\u00e0 e Ricerca italiano, e disponibile in lingua inglese. Ulteriori informazioni potranno essere acquisite presso l&#8217;Ufficio Culturale di questa Ambasciata.<\/p>\n<p>2. Sono un cittadino italiano, interessato a\u00a0frequentare corsi di lingua (ad esempio, russa) in\u00a0Belarus. A chi devo rivolgermi?<\/p>\n<p>Risposta: Alle locali Universit\u00e0 bielorusse, eventualmente per il tramite dell&#8217;Ambasciata della Repubblica di Belarus in Italia.<\/p>\n","protected":false},"excerpt":{"rendered":"FAQ Ministero Affari Esteri Per le domande alle quali non avete\u00a0trovato riscontro\u00a0con la navigazione sul nostro sito potete indirizzare i vostri quesiti all&#8217;Ambasciata d&#8217;Italia a Minsk all&#8217;indirizzo e-mail: ambasciata.minsk@esteri.it Sar\u00e0 nostra cura raccogliere le domande formulate pi\u00f9 frequentemente e renderle disponibili on-line con le relative risposte. Alcuni esempi di FAQ, relative alle attivit\u00e0 della Sezione [&hellip;]","protected":false},"author":4,"featured_media":0,"parent":47,"menu_order":1,"comment_status":"closed","ping_status":"closed","template":"","meta":{"footnotes":""},"class_list":["post-638","page","type-page","status-publish","hentry"],"_links":{"self":[{"href":"https:\/\/ambminsk.esteri.it\/it\/wp-json\/wp\/v2\/pages\/638","targetHints":{"allow":["GET"]}}],"collection":[{"href":"https:\/\/ambminsk.esteri.it\/it\/wp-json\/wp\/v2\/pages"}],"about":[{"href":"https:\/\/ambminsk.esteri.it\/it\/wp-json\/wp\/v2\/types\/page"}],"author":[{"embeddable":true,"href":"https:\/\/ambminsk.esteri.it\/it\/wp-json\/wp\/v2\/users\/4"}],"replies":[{"embeddable":true,"href":"https:\/\/ambminsk.esteri.it\/it\/wp-json\/wp\/v2\/comments?post=638"}],"version-history":[{"count":2,"href":"https:\/\/ambminsk.esteri.it\/it\/wp-json\/wp\/v2\/pages\/638\/revisions"}],"predecessor-version":[{"id":651,"href":"https:\/\/ambminsk.esteri.it\/it\/wp-json\/wp\/v2\/pages\/638\/revisions\/651"}],"up":[{"embeddable":true,"href":"https:\/\/ambminsk.esteri.it\/it\/wp-json\/wp\/v2\/pages\/47"}],"wp:attachment":[{"href":"https:\/\/ambminsk.esteri.it\/it\/wp-json\/wp\/v2\/media?parent=638"}],"curies":[{"name":"wp","href":"https:\/\/api.w.org\/{rel}","templated":true}]}}