{"id":564,"date":"2023-08-04T14:51:39","date_gmt":"2023-08-04T11:51:39","guid":{"rendered":"https:\/\/ambminsk.esteri.it\/?page_id=564"},"modified":"2023-08-04T14:51:39","modified_gmt":"2023-08-04T11:51:39","slug":"assistenza-e-promozione","status":"publish","type":"page","link":"https:\/\/ambminsk.esteri.it\/it\/italia-e-bielorussia\/diplomazia-economica\/fare-affari-in-bielorussia\/servizi-per-le-imprese\/assistenza-e-promozione\/","title":{"rendered":"Assistenza e promozione"},"content":{"rendered":"<h2>Assistenza e promozione<\/h2>\n<h4>ICE<br \/>\n(Istituto nazionale per il Commercio Estero)<\/h4>\n<p>\u2022\u00a0Ente pubblico che ha il compito di sviluppare, agevolare e promuovere i rapporti economici e commerciali italiani con l&#8217;estero, con particolare attenzione alle esigenze delle piccole e medie imprese, dei loro consorzi e raggruppamenti; in stretta collaborazione con il Ministero delle Attivit\u00e0 Produttive elabora il Programma delle Attivit\u00e0 promozionali;<\/p>\n<p>\u2022\u00a0organizza partecipazioni a fiere internazionali e iniziative per sviluppare contatti e business;<\/p>\n<p>\u2022\u00a0organizza e gestisce seminari e incontri tra operatori, conduce ricerche di mercato, sviluppa azioni di comunicazione;<\/p>\n<p>\u2022\u00a0svolge attivit\u00e0 di attrazione degli investimenti esteri in Italia, promuovendo all\u2019estero &#8211; per conto di agenzie di sviluppo locali &#8211; le opportunit\u00e0 in specifiche aree e realizzando azioni di comunicazione, in collaborazione con Sviluppo Italia;<\/p>\n<p>\u2022\u00a0sito Web:\u00a0<a href=\"http:\/\/www.ice.it\/\">www.ice.it<\/a><\/p>\n<p>&nbsp;<\/p>\n<h4>ASSOCAMERESTERO<br \/>\n(Associazione delle Camere di Commercio Italiane all\u2019Estero)<\/h4>\n<p>\u2022\u00a0Associazione che rappresenta le esigenze e le potenzialit\u00e0 di servizio delle Camere di Commercio Italiane all\u2019estero (CCIE) e ricerca collaborazioni ed alleanze strategiche con soggetti ed enti pubblici e privati &#8211; italiani ed internazionali &#8211; per favorire la conoscenza e l\u2019utilizzo della rete delle CCIE;<\/p>\n<p>\u2022\u00a0provvede alla redazione del Rapporto sulle Opportunit\u00e0 di Business, che prospetta le potenzialit\u00e0 delle CCIE quali fornitori di informazioni sulle opportunit\u00e0 d\u2019affari, settore per settore, esistenti nei paesi di operativit\u00e0 della rete;<\/p>\n<p>\u2022\u00a0svolge attivit\u00e0 di assistenza progettuale e coordinamento degli sportelli per l\u2019internazionalizzazione delle Camere di Commercio Italiane all\u2019estero, di raccordo con il progetto di Unioncamere;<\/p>\n<p>\u2022\u00a0sito Web:\u00a0<a href=\"http:\/\/www.assocamerestero.it\/\">www.assocamerestero.it<\/a><\/p>\n<p>&nbsp;<\/p>\n<h4>UNIONCAMERE<br \/>\n(Unione italiana delle Camere di Commercio Industria e Artigianato)<\/h4>\n<p>\u2022\u00a0Unione che cura e rappresenta gli interessi generali delle Camere di Commercio, punto di riferimento per i settori produttivi, sia a livello locale sia nazionale ed internazionale;<\/p>\n<p>\u2022\u00a0promuove, realizza e gestisce, direttamente o per il tramite di proprie aziende speciali, servizi e attivit\u00e0 d&#8217;interesse delle Camere di commercio e delle categorie economiche;<\/p>\n<p>\u2022\u00a0punta a consolidare e sviluppare la collaborazione con la rete delle CCIE;<\/p>\n<p>\u2022\u00a0facilita l&#8217;accesso, con tecnologie all&#8217;avanguardia, a iniziative e programmi comunitari, favorendo accordi internazionali per promuovere l&#8217;Italia nel mondo;<\/p>\n<p>\u2022\u00a0sito Web:\u00a0<a href=\"http:\/\/www.unioncamere.it\/\">www.unioncamere.it<\/a><\/p>\n<p>&nbsp;<\/p>\n<h4>\nENIT<br \/>\n(Ente Nazionale Italiano per il Turismo)<\/h4>\n<p>\u2022\u00a0Struttura istituzionale che provvede alla promozione turistica dell&#8217;Italia all&#8217;estero adottando iniziative per far conoscere all&#8217;estero le risorse turistiche nazionali e regionali e in particolare i valori naturali, ambientali, storici culturali ed artistici del nostro paese;<\/p>\n<p>\u2022\u00a0provvede ad assistere e offrire servizi tecnici alle imprese turistiche italiane per la loro penetrazione commerciale sui mercati esteri;<\/p>\n<p>\u2022\u00a0elabora studi sui mercati internazionali ed in particolare sulle tendenze della domanda turistica individuale ed organizzata;<\/p>\n<p>\u2022\u00a0analizza l\u2019evoluzione della domanda turistica estera e pianifica strategie operative disegnate d&#8217;intesa con i protagonisti pubblici e privati del turismo italiano (Ministero delle Attivit\u00e0 Produttive, Ministero degli Affari Esteri, Regioni, Amministrazioni pubbliche, Enti e Associazioni di categoria e produttori di servizi turistici;<\/p>\n<p>\u2022\u00a0sito Web:\u00a0<a href=\"http:\/\/www.enit.it\/\">www.enit.it<\/a><\/p>\n<p>&nbsp;<\/p>\n<p>&nbsp;<\/p>\n<h4>Mondimpresa<br \/>\n(Agenzia per la Mondializzazione dell\u2019impresa)<\/h4>\n<p>\u2022\u00a0Agenzia che promuove e sostiene i processi di mondializzazione, in particolare delle PMI &#8211; prevalentemente nel Mezzogiorno &#8211; attraverso un\u2019ampia e capillare rete in Italia, composta dalle diverse realt\u00e0 del Sistema italiano delle Camere di Commercio, della Confcommercio e della Confagricoltura;<\/p>\n<p>\u2022\u00a0redige offerte e progetti per la partecipazione a gare e per attingere a finanziamenti della Pubblica Amministrazione e delle principali organizzazioni internazionali;<\/p>\n<p>\u2022\u00a0organizza iniziative volte alla promozione del partenariato imprenditoriale transnazionale, sia a carattere settoriale sia multisettoriale;<\/p>\n<p>\u2022\u00a0promuove gli investimenti esteri in Italia attraverso le opportune azioni informative sulla struttura del sistema imprenditoriale italiano e sulla legislazione a sostegno degli investimenti;<\/p>\n<p>\u2022\u00a0sito Web:\u00a0<a href=\"http:\/\/www.mondimpresa.it\/\">www.mondimpresa.it<\/a><\/p>\n","protected":false},"excerpt":{"rendered":"Assistenza e promozione ICE (Istituto nazionale per il Commercio Estero) \u2022\u00a0Ente pubblico che ha il compito di sviluppare, agevolare e promuovere i rapporti economici e commerciali italiani con l&#8217;estero, con particolare attenzione alle esigenze delle piccole e medie imprese, dei loro consorzi e raggruppamenti; in stretta collaborazione con il Ministero delle Attivit\u00e0 Produttive elabora il [&hellip;]","protected":false},"author":4,"featured_media":0,"parent":558,"menu_order":0,"comment_status":"closed","ping_status":"closed","template":"","meta":{"footnotes":""},"class_list":["post-564","page","type-page","status-publish","hentry"],"_links":{"self":[{"href":"https:\/\/ambminsk.esteri.it\/it\/wp-json\/wp\/v2\/pages\/564","targetHints":{"allow":["GET"]}}],"collection":[{"href":"https:\/\/ambminsk.esteri.it\/it\/wp-json\/wp\/v2\/pages"}],"about":[{"href":"https:\/\/ambminsk.esteri.it\/it\/wp-json\/wp\/v2\/types\/page"}],"author":[{"embeddable":true,"href":"https:\/\/ambminsk.esteri.it\/it\/wp-json\/wp\/v2\/users\/4"}],"replies":[{"embeddable":true,"href":"https:\/\/ambminsk.esteri.it\/it\/wp-json\/wp\/v2\/comments?post=564"}],"version-history":[{"count":1,"href":"https:\/\/ambminsk.esteri.it\/it\/wp-json\/wp\/v2\/pages\/564\/revisions"}],"predecessor-version":[{"id":565,"href":"https:\/\/ambminsk.esteri.it\/it\/wp-json\/wp\/v2\/pages\/564\/revisions\/565"}],"up":[{"embeddable":true,"href":"https:\/\/ambminsk.esteri.it\/it\/wp-json\/wp\/v2\/pages\/558"}],"wp:attachment":[{"href":"https:\/\/ambminsk.esteri.it\/it\/wp-json\/wp\/v2\/media?parent=564"}],"curies":[{"name":"wp","href":"https:\/\/api.w.org\/{rel}","templated":true}]}}