{"id":552,"date":"2023-08-04T14:44:33","date_gmt":"2023-08-04T11:44:33","guid":{"rendered":"https:\/\/ambminsk.esteri.it\/?page_id=552"},"modified":"2023-08-04T14:44:33","modified_gmt":"2023-08-04T11:44:33","slug":"criticita","status":"publish","type":"page","link":"https:\/\/ambminsk.esteri.it\/it\/italia-e-bielorussia\/diplomazia-economica\/fare-affari-in-bielorussia\/rapporto-congiunto\/criticita\/","title":{"rendered":"Criticit\u00e0"},"content":{"rendered":"<p align=\"justify\"><strong>POLITICA COMMERCIALE E DI ACCESSO AL MERCATO<\/p>\n<p>a) Barriere tariffarie<\/strong><\/p>\n<p>Esistono dazi doganali elevati per alcuni tipi di merci, tessili e generi alimentari in particolare (come anticipato al paragrafo 1 lett. b). L\u2019importazione di calzature e di mobili \u00e8 stata fatta oggetto di misure doganali fortemente penalizzanti. In Belarus i dazi doganali sono alquanto differenziati, potendo arrivare fino al 30% del valore della merce, e in alcuni casi \u2013 come gli alcolici \u2013 essi risultano ancora pi\u00f9 elevati (intorno al 60%), con evidenti effetti penalizzanti per i comparti pi\u00f9 rappresentativi del Made in Italy, tra cui quello enogastronomico.<\/p>\n<p align=\"justify\"><strong><br \/>\nb) Barriere non tariffarie\u00a0<\/strong><\/p>\n<p>Oltre ad apposite licenze per zucchero, birra, pesticidi e tappeti, \u00e8 stata introdotta una ulteriore certificazione obbligatoria per determinate tipologie di merce da importare, ancorch\u00e9 queste siano gi\u00e0 certificate secondo standard europei ed internazionali. Sono state invece abrogate le quote per gli alcolici e per i prodotti non alimentari a base di alcol, sebbene, come si \u00e8 detto poco sopra, i dazi ancora elevati all\u2019importazione rendano questo mercato ancora di non facile accesso e poco appetibile per gli operatori del settore.<\/p>\n<p align=\"justify\">\n<strong>c) Violazioni delle norme sulla tutela dei diritti di propriet\u00e0 intellettuale<\/strong><\/p>\n<p>E\u2019 in vigore una normativa sulla tutela dei diritti di propriet\u00e0 intellettuale (brevetti, marchi commerciali, diritti d\u2019autore), anche se, di fatto, la vendita di prodotti contraffatti, soprattutto nei settori dell\u2019abbigliamento, della cosmetica e delle opere musicali, \u00e8 largamente praticata e raggiunge volumi di affari notevoli (va tenuto presente, al riguardo, che i prodotti contraffatti in vendita su questo mercato generalmente non sono di produzione bielorussa).<\/p>\n<p align=\"justify\">\n<strong>d)\u00a0 Problematiche relative agli investimenti esteri nel Paese<\/strong><\/p>\n<p>Si rimanda al riguardo a quanto gi\u00e0 detto sopra (par. 1 lett. b).<\/p>\n","protected":false},"excerpt":{"rendered":"POLITICA COMMERCIALE E DI ACCESSO AL MERCATO a) Barriere tariffarie Esistono dazi doganali elevati per alcuni tipi di merci, tessili e generi alimentari in particolare (come anticipato al paragrafo 1 lett. b). L\u2019importazione di calzature e di mobili \u00e8 stata fatta oggetto di misure doganali fortemente penalizzanti. In Belarus i dazi doganali sono alquanto differenziati, [&hellip;]","protected":false},"author":4,"featured_media":0,"parent":546,"menu_order":0,"comment_status":"closed","ping_status":"closed","template":"","meta":{"footnotes":""},"class_list":["post-552","page","type-page","status-publish","hentry"],"_links":{"self":[{"href":"https:\/\/ambminsk.esteri.it\/it\/wp-json\/wp\/v2\/pages\/552","targetHints":{"allow":["GET"]}}],"collection":[{"href":"https:\/\/ambminsk.esteri.it\/it\/wp-json\/wp\/v2\/pages"}],"about":[{"href":"https:\/\/ambminsk.esteri.it\/it\/wp-json\/wp\/v2\/types\/page"}],"author":[{"embeddable":true,"href":"https:\/\/ambminsk.esteri.it\/it\/wp-json\/wp\/v2\/users\/4"}],"replies":[{"embeddable":true,"href":"https:\/\/ambminsk.esteri.it\/it\/wp-json\/wp\/v2\/comments?post=552"}],"version-history":[{"count":1,"href":"https:\/\/ambminsk.esteri.it\/it\/wp-json\/wp\/v2\/pages\/552\/revisions"}],"predecessor-version":[{"id":553,"href":"https:\/\/ambminsk.esteri.it\/it\/wp-json\/wp\/v2\/pages\/552\/revisions\/553"}],"up":[{"embeddable":true,"href":"https:\/\/ambminsk.esteri.it\/it\/wp-json\/wp\/v2\/pages\/546"}],"wp:attachment":[{"href":"https:\/\/ambminsk.esteri.it\/it\/wp-json\/wp\/v2\/media?parent=552"}],"curies":[{"name":"wp","href":"https:\/\/api.w.org\/{rel}","templated":true}]}}