{"id":550,"date":"2023-08-04T14:43:58","date_gmt":"2023-08-04T11:43:58","guid":{"rendered":"https:\/\/ambminsk.esteri.it\/?page_id=550"},"modified":"2023-08-04T14:43:58","modified_gmt":"2023-08-04T11:43:58","slug":"opportunita-di-mercato","status":"publish","type":"page","link":"https:\/\/ambminsk.esteri.it\/it\/italia-e-bielorussia\/diplomazia-economica\/fare-affari-in-bielorussia\/rapporto-congiunto\/opportunita-di-mercato\/","title":{"rendered":"Opportunit\u00e0 di mercato"},"content":{"rendered":"<p><strong>INDIVIDUAZIONE DELLE AREE DI INTERVENTO<\/p>\n<p>a) Valutazione della penetrazione commerciale dei prodotti italiani sul mercato locale<\/strong><\/p>\n<p>La diffusione dei prodotti italiani nel Paese risulterebbe largamente superiore a quella indicata dalle statistiche a motivo del fatto che una quota significativa di prodotti viene introdotta sul mercato bielorusso attraverso la Federazione Russa, sfuggendo in tal modo ai rilevamenti doganali di provenienza.<br \/>\nQuesto \u00e8 il caso dei pi\u00f9 noti prodotti del Made in Italy, quali l\u2019abbigliamento, le calzature e i mobili.<\/p>\n<p>Gli elettrodomestici dei marchi Ariston ed Indesit (Gruppo Merloni), anch\u2019essi indiscussi leader di questo mercato, vengono importati direttamente ed esclusivamente dalla Federazione Russa.<\/p>\n<p>Godono, in particolare, di grande considerazione in Belarus i prodotti italiani ad alta tecnologia, gli impianti, i macchinari e i beni strumentali in genere (macchine per la lavorazione del legno, linee di imballaggio e di imbottigliamento per le industrie alimentari in particolare).<\/p>\n<p>Per quanto riguarda gli autoveicoli di produzione italiana, la loro diffusione \u00e8 decisamente inferiore alle potenzialit\u00e0 della nostra industria. Una delle cause principali potrebbe essere ricercata nello scarso interesse dei nostri produttori verso questo mercato, cui si affianca lo scarso impegno promozionale degli operatori locali del settore.<\/p>\n<p>I prodotti italiani che potenzialmente potrebbero avere una diffusione molto pi\u00f9 consistente in questo mercato sono, tra gli altri, quelli dell\u2019industria alimentare. Oltre alle barriere doganali e ad una serie di ostacoli riguardanti le certificazioni sanitarie, una importante difficolt\u00e0 di penetrazione dei prodotti alimentari italiani su questo mercato \u00e8 senza dubbio rappresentata dall\u2019assenza di gruppi nazionali della grande distribuzione, che potrebbero fare da volano alla diffusione dei prodotti italiani, analogamente a quanto avviene per quelli francesi o tedeschi.<\/p>\n<p><strong>b) Valutazione degli investimenti diretti da e verso l\u2019Italia<\/strong><\/p>\n<p>Il Belarus e l\u2019Italia hanno firmato il 25 luglio 1995 un accordo per la promozione e la protezione degli investimenti, entrato in vigore il 12 agosto 1997.<\/p>\n<p>Gli investimenti italiani diretti nell\u2019economia bielorussa per il 2007 sono stati pari a 9,9 milioni USD (l\u20191,2% degli investimenti totali). Si tratta di una cifra non molto elevata, sopratutto se confrontata con quella dei nostri principali concorrenti, Germania e Polonia in primo luogo.<\/p>\n<p>Si rimanda a quanto detto sopra a proposito degli investimenti diretti italiani e stranieri.<\/p>\n<p><strong>c) Valutazione delle potenzialit\u00e0 di cooperazione commerciale ed industriale nei settori ad alto contenuto tecnologico<\/strong><\/p>\n<p>Interessanti opportunit\u00e0 si aprono alle industrie del nostro Paese in tema di vendita di apparecchiature, macchinari e beni strumentali, data la necessit\u00e0 del Belarus di adeguare i propri standards produttivi ai livelli qualitativi richiesti dai mercati occidentali, nonch\u00e9 nel settore del risparmio energetico ed ambientale (depurazione delle acque, decontaminazione dei terreni, smaltimento dei rifiuti urbani e industriali, miglioramento della rete idrica nei centri cittadini).<\/p>\n<p>La mancanza di risorse finanziarie delle imprese bielorusse renderebbe per altro auspicabile, da parte italiana, la predisposizione di pacchetti di assistenza finanziaria, assicurativa e promozionale per le nostre imprese ancor pi\u00f9 consistenti di quelli esistenti, proprio nell\u2019ottica di favorire le stesse nella competizione con i pi\u00f9 attrezzati concorrenti stranieri.<\/p>\n<p>Ove i timidi segnali di apertura politica si consolidassero, apparirebbe opportuna anche qualche presenza bancaria italiana, che si affiancasse a quelle gi\u00e0 presenti di Austria, Russia, Germania, Svizzera ed altri. Al riguardo, secondo dichiarazioni di esponenti della Banca Nazionale del Belarus, il Paese intende creare un investment climate favorevole soprattutto nel settore bancario, e sarebbe gi\u00e0 pronto a cedere quote di controllo di banche quali Belprambudbank e Belinvestbank, e quote di minoranza di banche come Belarusbank e Belagroprombank, le due principali banche del Paese. Istituti quali la Royal Bank of Scotland e Swedbank hanno inoltre gi\u00e0 manifestato il proprio interesse verso l\u2019acquisizione di partecipazioni all\u2019interno del sistema bancario bielorusso.<\/p>\n<p><strong>d) Suggerimenti per l\u2019attivazione degli strumenti di sostegno finanziario e assicurativo pubblico per SACE e SIMEST\u00a0<\/strong><\/p>\n<p>Va certamente nel senso sopra indicato la costituzione, da parte della SACE, di un \u201cplafond\u201d Paese di 70 milioni di euro per operazioni breve e medio\/lungo termine, che ha consentito la copertura assicurativa alla linea di credito \u201copen\u201d di 70 milioni di euro aperta da Mediobanca.<\/p>\n<p>Da parte della Belagroprombank (che ha di recente aperto un Ufficio di Rappresentanza a Milano) \u00e8 stato chiesto di aumentare il plafond di una ventina di milioni di euro. Sarebbe altres\u00ec auspicabile un ruolo pi\u00f9 attivo della SIMEST in Belarus, nell\u2019ottica di assistere le imprese italiane intenzionate ad espandere la loro produzione mediante l\u2019acquisizione di comparti industriali all\u2019estero.<\/p>\n","protected":false},"excerpt":{"rendered":"INDIVIDUAZIONE DELLE AREE DI INTERVENTO a) Valutazione della penetrazione commerciale dei prodotti italiani sul mercato locale La diffusione dei prodotti italiani nel Paese risulterebbe largamente superiore a quella indicata dalle statistiche a motivo del fatto che una quota significativa di prodotti viene introdotta sul mercato bielorusso attraverso la Federazione Russa, sfuggendo in tal modo ai [&hellip;]","protected":false},"author":4,"featured_media":0,"parent":546,"menu_order":0,"comment_status":"closed","ping_status":"closed","template":"","meta":{"footnotes":""},"class_list":["post-550","page","type-page","status-publish","hentry"],"_links":{"self":[{"href":"https:\/\/ambminsk.esteri.it\/it\/wp-json\/wp\/v2\/pages\/550","targetHints":{"allow":["GET"]}}],"collection":[{"href":"https:\/\/ambminsk.esteri.it\/it\/wp-json\/wp\/v2\/pages"}],"about":[{"href":"https:\/\/ambminsk.esteri.it\/it\/wp-json\/wp\/v2\/types\/page"}],"author":[{"embeddable":true,"href":"https:\/\/ambminsk.esteri.it\/it\/wp-json\/wp\/v2\/users\/4"}],"replies":[{"embeddable":true,"href":"https:\/\/ambminsk.esteri.it\/it\/wp-json\/wp\/v2\/comments?post=550"}],"version-history":[{"count":1,"href":"https:\/\/ambminsk.esteri.it\/it\/wp-json\/wp\/v2\/pages\/550\/revisions"}],"predecessor-version":[{"id":551,"href":"https:\/\/ambminsk.esteri.it\/it\/wp-json\/wp\/v2\/pages\/550\/revisions\/551"}],"up":[{"embeddable":true,"href":"https:\/\/ambminsk.esteri.it\/it\/wp-json\/wp\/v2\/pages\/546"}],"wp:attachment":[{"href":"https:\/\/ambminsk.esteri.it\/it\/wp-json\/wp\/v2\/media?parent=550"}],"curies":[{"name":"wp","href":"https:\/\/api.w.org\/{rel}","templated":true}]}}