{"id":493,"date":"2023-08-04T11:34:46","date_gmt":"2023-08-04T08:34:46","guid":{"rendered":"https:\/\/ambminsk.esteri.it\/?page_id=493"},"modified":"2023-08-04T11:34:46","modified_gmt":"2023-08-04T08:34:46","slug":"cittadinanza-italiana-per-matrimonio","status":"publish","type":"page","link":"https:\/\/ambminsk.esteri.it\/it\/servizi-consolari-e-visti\/servizi-per-il-cittadino-straniero\/cittadinanza\/cittadinanza-italiana-per-matrimonio\/","title":{"rendered":"Cittadinanza italiana per matrimonio"},"content":{"rendered":"<p><strong>1. Cenni normativi<\/strong><\/p>\n<p>In conformit\u00e0 alla normativa in vigore, che richiede la conoscenza della lingua italiana, le informazioni relative alla cittadinanza per matrimonio vengono fornite in italiano.<\/p>\n<p>Coloro che richiedono la cittadinanza italiana per matrimonio o unione civile devono essere a conoscenza dei doveri nei confronti della Repubblica italiana, primi fra tutti l\u2019adesione ai valori nazionali e l\u2019irreprensibilit\u00e0 della condotta.<\/p>\n<p>L\u2019acquisto della cittadinanza italiana da parte del coniuge straniero o apolide che abbia contratto matrimonio con cittadino italiano a partire dal 27 aprile 1983 \u00e8 attualmente regolato dalla Legge 5 febbraio 1992 n. 91 (artt. 5, 6, 7 e 8) e successive modifiche.<\/p>\n<p>Le richieste di cittadinanza italiana possono essere presentate anche da parte del cittadino o della cittadina stranieri che hanno costituito un\u2019unione civile con cittadino\/a italiano\/a trascritta nei registri dello stato civile del Comune italiano (D. Lgs. 5, 6 e 7\/ 2017).<\/p>\n<p>Il coniuge\/parte dell\u2019unione civile straniero pu\u00f2 acquistare la cittadinanza italiana su domanda, in presenza dei requisiti stabiliti dalla normativa vigente, come spiegato nelle sezioni successive.<\/p>\n<p>&nbsp;<\/p>\n<p><strong>2. Requisiti per la richiesta della cittadinanza<\/strong><\/p>\n<p><strong>\u2022 Residenza nella circoscrizione consolare:<br \/>\n<\/strong><\/p>\n<p>Il richiedente dovr\u00e0 indirizzare la domanda alla Rappresentanza diplomatico-consolare competente per la sua residenza;<\/p>\n<p>Il coniuge\/parte dell\u2019unione civile di nazionalit\u00e0 italiana deve essere residente e regolarmente iscritto all\u2019anagrafe degli italiani residenti all\u2019estero (A.I.R.E.) della circoscrizione consolare di competenza e convivente allo stesso indirizzo del richiedente la cittadinanza. In caso contrario, dovr\u00e0 fornire documentazione comprovante la motivazione (es. lavoro, scolarit\u00e0 dei figli, cure mediche o altro), che determina o ha determinato la necessit\u00e0 di domicilio disgiunto.<\/p>\n<p><strong>Attenzione<\/strong>: Chi \u00e8 titolare di permesso di soggiorno per motivi familiari deve presentare la domanda alla Prefettura del luogo di residenza in Italia, non al consolato.<\/p>\n<p>\u2022\u00a0<strong>Termini di presentazione<\/strong>: la domanda pu\u00f2 essere presentata tre anni dopo il matrimonio\/unione civile se il coniuge \u00e8 cittadino italiano iure sanguinis; in caso di naturalizzazione avvenuta dopo il matrimonio, i tre anni decorrono dalla data della naturalizzazione del coniuge. I tre anni vengono ridotti a un anno e mezzo in presenza di figli minori nati o adottati dai coniugi;<\/p>\n<p>\u2022\u00a0<strong>Trascrizione del matrimonio\/unione civile:<\/strong>\u00a0se avvenuti all&#8217;estero, devono essere stati trascritti presso il Comune in Italia;<\/p>\n<p>\u2022\u00a0<strong>Validit\u00e0\u00a0<\/strong>del matrimonio\/unione civile e\u00a0<strong>stabilit\u00e0<\/strong>\u00a0del vincolo di coniugio\/unione civile fino all\u2019adozione del provvedimento di concessione della cittadinanza. Al fine del conferimento della cittadinanza italiana, alla data di adozione del decreto non devono essere intervenuti lo scioglimento, l\u2019annullamento o la cessazione degli effetti civili del matrimonio\/unione civile (separazione personale, divorzio, decesso del coniuge o parte dell\u2019unione civile);<\/p>\n<p>\u2022\u00a0<strong>Assenza<\/strong>\u00a0di sentenze di condanna da parte delle Autorit\u00e0 giudiziarie italiane per reati per i quali sia prevista una pena superiore a tre anni di reclusione;<\/p>\n<p>\u2022\u00a0<strong>Assenza<\/strong>\u00a0di sentenze di condanna da parte delle Autorit\u00e0 giudiziarie straniere ad una pena superiore ad un anno per reati non politici;<\/p>\n<p>\u2022\u00a0<strong>Assenza<\/strong>\u00a0di condanne per delitti contro la personalit\u00e0 dello Stato;<\/p>\n<p>\u2022\u00a0<strong>Assenza<\/strong>\u00a0di motivi ostativi per la sicurezza della Repubblica;<\/p>\n<p>\u2022 Conoscenza della\u00a0<strong>lingua italiana<\/strong>\u00a0non inferiore a\u00a0<strong>livello B1<\/strong>\u00a0del Quadro Comune Europeo di Riferimento (QCER).<\/p>\n<p>\u2022 Pagamento delle tasse e percezioni indicate nella sezione documenti e\u00a0<strong>costi<\/strong>.<\/p>\n<p>&nbsp;<\/p>\n<p><strong>3. DOCUMENTI necessari per la richiesta di cittadinanza<\/strong><\/p>\n<p>1.\u00a0<strong>Estratto dell\u2019atto di nascita<\/strong>: in originale, rilasciato possibilmente da non oltre sei mesi dal Paese in cui si \u00e8 nati, completo di tutte le generalit\u00e0 (incluse paternit\u00e0 e maternit\u00e0), debitamente apostillato e accompagnato da traduzione vidimata dall\u2019ufficio consolare.<\/p>\n<p>Nel caso in cui sia intervenuta una modifica dei dati anagrafici (nome o cognome) bisogna presentare anche il documento che comprova tale modifica (es. atto di matrimonio, certificato di divorzio, certificato di cambiamento del nome o del cognome). Tale documento \u00e8 necessario anche in caso di modifica del cognome a seguito del matrimonio (anche di un precedente matrimonio). Tutti i certificati devono essere apostillati e accompagnati da traduzione vidimata dall\u2019ufficio consolare.<\/p>\n<p>2.\u00a0<strong>Certificato Penale<\/strong>\u00a0del Paese di origine e degli eventuali Paesi terzi di residenza (a partire dai 14 anni d\u2019et\u00e0) \u2013 tranne l\u2019Italia \u2013 e dei Paesi di cui si possiede la cittadinanza, in originale, rilasciato da non oltre sei mesi prima della presentazione della domanda, debitamente apostillato e accompagnati da traduzione vidimata dall\u2019ufficio consolare.<\/p>\n<p>Il richiedente \u00e8 esonerato dal presentare il certificato penale del Paese di origine solo se lo ha lasciato prima del compimento dei 14 anni e non ne ha conservato la cittadinanza.<\/p>\n<p>3.<strong>\u00a0Ricevuta del versamento del contributo di euro 250,00<\/strong>\u00a0a favore del Ministero dell\u2019Interno, con le modalit\u00e0 indicate nella sezione \u201cCosti\u201d.<\/p>\n<p>4.\u00a0<strong>Documento di identit\u00e0<\/strong>: copia conforme del passaporto in corso di validit\u00e0 (pagine con i dati personali, fotografia, date di rilascio e scadenza) con traduzione vidimata dall\u2019ufficio consolare.<\/p>\n<p>5.\u00a0<strong>Copia dell\u2019atto di matrimonio o estratto per riassunto del registro dei matrimoni<\/strong>, da richiedere al competente Comune italiano in cui l\u2019atto risulta trascritto, possibilmente rilasciato da non oltre sei mesi prima dell\u2019istanza. Questo documento pu\u00f2 essere inserito al momento della presentazione della domanda alla voce \u201cdocumento generico\u201d e andr\u00e0 presentato al momento della convocazione presso l&#8217;Ufficio Consolare.<\/p>\n<p>6.\u00a0<strong>Certificato di conoscenza della lingua italiana<\/strong>\u00a0non inferiore al\u00a0<strong>livello B1<\/strong>\u00a0del Quadro Comune Europeo di Riferimento (QCER) o titolo di studio rilasciato da un istituto di istruzione pubblico o paritario riconosciuto dal Ministero dell\u2019Istruzione, dell\u2019Universit\u00e0 e della Ricerca e dal Ministero degli Affari Esteri e della Cooperazione internazionale.<\/p>\n<p>Gli enti certificatori CLIQ (Certificazione Lingua Italiana di Qualit\u00e0) sono esclusivamente l\u2019Universit\u00e0 per stranieri di Siena, l\u2019Universit\u00e0 per stranieri di Perugia, l\u2019Universit\u00e0 Roma Tre e la Societ\u00e0 Dante Alighieri<\/p>\n<p><em>SI RACCOMANDA DI SCANSIONARE TUTTE LE PAGINE DEI DOCUMENTI, comprese quelle dove sono presenti \u201capostille\u201d, timbri o vidimazioni. I files devono essere in formato PDF.<\/em><\/p>\n<p>&nbsp;<\/p>\n<p><strong>4. PROCEDURA<\/strong><\/p>\n<p><strong>FASE 1 \u2013 REGISTRAZIONE<\/strong><\/p>\n<p>Il richiedente dovr\u00e0 effettuare la registrazione sul portale del Ministero dell\u2019Interno<\/p>\n<p><strong><a href=\"https:\/\/www.interno.gov.it\/it\/temi\/cittadinanza-e-altri-diritti-civili\/cittadinanza\/cittadinanza-invia-tua-domanda\">https:\/\/www.interno.gov.it\/it\/temi\/cittadinanza-e-altri-diritti-civili\/cittadinanza\/cittadinanza-invia-tua-domanda<\/a><\/strong><\/p>\n<p>Si precisa che l\u2019indirizzo email dichiarato sul portale in fase di inoltro della domanda on line costituisce domicilio eletto (art. 47 c.c.), si rende pertanto necessaria una frequente consultazione della propria email in quanto tutte le comunicazioni relative alla domanda di cittadinanza, ivi comprese richieste di integrazione documentale, convocazioni, notifiche di provvedimenti, ecc. avverranno UNICAMENTE tramite canale informatico.<\/p>\n<p>&nbsp;<\/p>\n<p><strong>FASE 2 \u2013 INSERIMENTO ISTANZA (Modello AE)<\/strong><\/p>\n<p>Una volta registrato, il richiedente potr\u00e0 procedere alla compilazione della domanda \u201conline\u201d e all\u2019inserimento di tutti i documenti richiesti sull\u2019apposito portale del Ministero dell\u2019Interno:<\/p>\n<p><strong><a href=\"https:\/\/portaleserviziapp.dlci.interno.it\/\">https:\/\/portaleserviziapp.dlci.interno.it<\/a>\u00a0<\/strong><\/p>\n<p>Qualsiasi domanda di carattere tecnico o di contenuto relativa all\u2019istanza online dovr\u00e0 essere risolta rivolgendosi direttamente al Ministero dell\u2019Interno che ha predisposto un servizio di assistenza con FAQ e HelpDesk dedicati.<\/p>\n<p><strong>NOTE PER LA COMPILAZIONE DELLA DOMANDA ONLINE<\/strong><\/p>\n<p>Si raccomanda la massima attenzione nella compilazione dei campi, soprattutto quelli relativi a nome, cognome, cittadinanza, luogo e data di nascita, che non possono essere modificati in un secondo momento.<\/p>\n<p>Una domanda compilata in modo errato infatti sar\u00e0 rifiutata con la conseguenza di dover ripetere l\u2019intera procedura. I dati anagrafici usati nella domanda devono corrispondere a quelli riportati sui documenti caricati sul portale.<\/p>\n<p>Nel modulo di registrazione vanno inseriti data e luogo di nascita cos\u00ec come indicati nell\u2019atto di nascita.\u00a0Vanno riportate le generalit\u00e0 indicate in atti e documenti formati all\u2019estero dalle competenti autorit\u00e0 straniere. In caso di discordanze, fornire documentazione giustificativa.<\/p>\n<p><strong>Il NOME del richiedente deve comprendere anche il PATRONIMICO, ove presente.<\/strong><\/p>\n<p><strong>Il COGNOME da usare \u00e8 quello risultante dall\u2019atto di nascita, salvo che siano intervenuti cambiamenti successivi. Se cos\u00ec \u00e8, si dovr\u00e0 usare il nuovo cognome, cio\u00e8 il cognome acquisito a seguito di matrimonio o di sentenza, che risulta sul passaporto.<\/strong><\/p>\n<p>Il cognome usato nel compilare la domanda dovr\u00e0 a sua volta coincidere con quello presente nel certificato (o estratto) dell\u2019atto di matrimonio, nel certificato penale e negli altri documenti.\u00a0Se nel certificato o nell\u2019estratto dell\u2019atto di matrimonio italiano la\/il richiedente figura col cognome da nubile\/celibe, il sistema chieder\u00e0 di inserire anche il matrimonio bielorusso o altro documento da cui risulti l\u2019avvenuto cambio di cognome, come sopra descritto.<\/p>\n<p>Va specificare nell&#8217;istanza l&#8217;eventuale presenza di figli minori del\/della richiedente, nati da una precedente relazione.<\/p>\n<p>&nbsp;<\/p>\n<p><strong>FASE 3 \u2013 VERIFICA CONSOLARE<\/strong><\/p>\n<p>L\u2019Ufficio Consolare sar\u00e0 automaticamente informato della presentazione della domanda e proceder\u00e0 alle necessarie VERIFICHE.<\/p>\n<p>Il richiedente ricever\u00e0 quindi, in modalit\u00e0 telematica tramite il portale del Ministero dell\u2019Interno, una comunicazione relativa all\u2019accettazione o al motivo dell\u2019inammissibilit\u00e0.<\/p>\n<p>In caso di accettazione della domanda, il richiedente sar\u00e0 convocato, per via telematica, presso la Rappresentanza diplomatico-consolare per l\u2019autentica della firma apposta sulla domanda di cittadinanza, per la consegna di tutta la documentazione cartacea IN ORIGINALE, ivi compresa quella gi\u00e0 trasmessa per via telematica tramite il Portale, per la riscossione o verifica dell\u2019avvenuto pagamento delle percezioni consolari previste.<\/p>\n<p><strong>Tutta la documentazione di cui sopra sar\u00e0 conservata in originale dalla Rappresentanza diplomatico-consolare, ad eccezione del passaporto e del certificato linguistico, per i quali verr\u00e0 effettuata una copia conforme con relativi pagamenti<\/strong>.<\/p>\n<p>&nbsp;<\/p>\n<p><strong>FASE 4 \u2013 VALUTAZIONE e TERMINI DEL PROCEDIMENTO<\/strong><\/p>\n<p>La valutazione della domanda e la definizione del procedimento sono di esclusiva competenza del Ministero dell\u2019Interno: 24 mesi dalla data di presentazione della domanda &#8211; prorogabili fino al massimo di 36 mesi &#8211; per le istanze di cittadinanza presentate a partire dal 20 dicembre 2020 (data di entrata in vigore della L. 18 dicembre 2020 n. 173). Qualora al termine della valutazione della pratica il procedimento si concluda positivamente, il Ministero dell\u2019Interno invier\u00e0 il Decreto di conferimento di cittadinanza italiana alla Rappresentanza diplomatico-consolare competente per residenza dell\u2019interessato\/a.<\/p>\n<p>&nbsp;<\/p>\n<p><strong>FASE 5 \u2013 DECRETO, NOTIFICA E GIURAMENTO<\/strong><\/p>\n<p>Il Decreto di conferimento della cittadinanza italiana verr\u00e0 notificato \u2013 tramite portale \u2013 con comunicazione indirizzata all\u2019email indicata dal richiedente in fase di registrazione. All\u2019atto della notifica verranno altres\u00ec richiesti documenti \u2013 previsti dalla normativa nazionale \u2013 volti a verificare la permanenza del vincolo coniugale. Tali documenti devono avere data successiva all\u2019adozione del decreto:<\/p>\n<p>&#8211; atto integrale di matrimonio rilasciato dal competente Comune italiano;<\/p>\n<p>&#8211; certificato penale del Paese di attuale residenza, debitamente legalizzato e tradotto (vedi sezione documenti);<\/p>\n<p>&#8211; certificato di esistenza in vita del coniuge\/parte dell\u2019unione civile italiano\/a qualora non sia presente all\u2019atto del giuramento.<\/p>\n<p>Alla data di adozione del decreto, quindi, non deve essere intervenuto lo scioglimento, l\u2019annullamento o la cessazione degli effetti civili del matrimonio o dell\u2019unione civile n\u00e9 la separazione personale (sentenza di separazione).<\/p>\n<p><strong>Entro e non oltre sei mesi dalla notifica, l\u2019interessato verr\u00e0 convocato presso gli uffici consolari, per prestare giuramento di fedelt\u00e0 alla Repubblica e alle sue leggi.<\/strong><\/p>\n<p>\u00c8 previsto il pagamento della marca da bollo sul decreto.<\/p>\n<p>L\u2019atto integrale di matrimonio va richiesto al Comune italiano nei cui registri l\u2019atto risulta trascritto; il certificato penale si richiede alle Autorit\u00e0 competenti nel paese di residenza e dovr\u00e0 essere in regola con le disposizioni in materia di apostille e traduzione, come spiegato nella sezione \u201cdocumenti\u201d.<\/p>\n<p>La persona interessata prester\u00e0 giuramento di fedelt\u00e0 alla Repubblica italiana pronunciando le parole:<\/p>\n<p><strong>\u201cGIURO DI ESSERE FEDELE ALLA REPUBBLICA E DI OSSERVARE LA COSTITUZIONE E LE LEGGI DELLO STATO\u201d<\/strong><\/p>\n<p>Gli effetti del giuramento, ovvero l\u2019acquisto della cittadinanza italiana, saranno efficaci a partire dal giorno successivo a quello del giuramento.<\/p>\n<p>Il certificato di nascita originale sar\u00e0 inviato per la trascrizione al Comune italiano di riferimento insieme alla richiesta di iscrizione all\u2019AIRE e al verbale dell\u2019avvenuto giuramento.<\/p>\n<p>&nbsp;<\/p>\n<p><strong>5. Semplificazione amministrativa e costi<\/strong><\/p>\n<p>Se il richiedente \u00e8 un cittadino di un paese UE potr\u00e0 avvalersi dell\u2019autocertificazione per il possesso della cittadinanza italiana del coniuge\/parte dell\u2019unione civile, per il vincolo di coniugio\/unione civile con cittadino\/a italiano\/a e la composizione del nucleo familiare.<\/p>\n<p>Le informazioni, i dati e i documenti gi\u00e0 in possesso della Pubblica Amministrazione sono acquisite d\u2019ufficio, previa indicazione da parte dell\u2019interessato degli elementi indispensabili per il reperimento delle informazioni richieste (DPR 445\/2000).<\/p>\n<p><strong>COSTI:<\/strong><\/p>\n<p>Contributo di euro 250,00 a favore del Ministero dell\u2019Interno, da effettuare esclusivamente sul conto corrente indicato dal Ministero dell\u2019Interno (ricevuta da inserire nella domanda online)<\/p>\n<p>\u201cMinistero dell\u2019Interno D.L.C.I Cittadinanza\u201d<\/p>\n<p>Nome della Banca: Poste Italiane S.p.A.<\/p>\n<p>Codice IBAN: IT54D0760103200000000809020<\/p>\n<p>Causale del versamento: Richiesta cittadinanza per matrimonio ex art. 5 L. 91\/1992 e nome e cognome del richiedente<\/p>\n<p>Codice BIC\/SWIFT di Poste Italiane: BPPIITRRXXX (per bonifici esteri);<\/p>\n<p>Codice BIC\/SWIFT: PIBPITRA (per operazioni del circuito EUROGIRO)<\/p>\n<p><strong>Articoli della tabella consolare da applicare<\/strong><\/p>\n<p>&#8211; Autentica di firma sull\u2019istanza: art. 24<\/p>\n<p>&#8211; Marca da bollo sull\u2019istanza: art. N\/A<\/p>\n<p>&#8211; Legalizzazione firma del traduttore: art. 69<\/p>\n<p>&#8211; Copia conforme del documento di identit\u00e0 in corso di validit\u00e0: art 71.<\/p>\n<p>(Laddove il documento non sia in caratteri latini occorre anche la traduzione)<\/p>\n<p>&#8211; Copia conforme della certificazione linguistica: art. 71<\/p>\n<p>&#8211; Conformit\u00e0\u2019 della traduzione di atti di stato civile e certificati penali: art 72<\/p>\n<p>&#8211; Marca da bollo sul decreto di cittadinanza: art N\/A<\/p>\n<p>&nbsp;<\/p>\n<p><strong>6. Contatti e link utili<\/strong><\/p>\n<p>TROVA IL TUO CONSOLATO<\/p>\n<p><a href=\"https:\/\/serviziconsolarionline.esteri.it\/ScoFE\/services\/consulate\/find-consulate.sco\">https:\/\/serviziconsolarionline.esteri.it\/ScoFE\/services\/consulate\/find-consulate.sco<\/a><\/p>\n<p>INVIA LA TUA DOMANDA AL MINISTERO DELL\u2019INTERNO<\/p>\n<p><a href=\"https:\/\/portaleserviziapp.dlci.interno.it\/\">https:\/\/portaleserviziapp.dlci.interno.it<\/a><\/p>\n<p>SITO DEL MINISTERO DEGLI ESTERI<\/p>\n<p><a href=\"https:\/\/www.esteri.it\/mae\/it\/servizi\/italiani-all-estero\/cittadinanza.html\">https:\/\/www.esteri.it\/mae\/it\/servizi\/italiani-all-estero\/cittadinanza.html<\/a><\/p>\n<p>TABELLA CONSOLARE<\/p>\n<p><a href=\"https:\/\/www.esteri.it\/mae\/en\/ministero\/normativaonline\/normativa_consolare\/tariffa%20consolare\">https:\/\/www.esteri.it\/mae\/en\/ministero\/normativaonline\/normativa_consolare\/tariffa%20consolare<\/a><\/p>\n","protected":false},"excerpt":{"rendered":"1. Cenni normativi In conformit\u00e0 alla normativa in vigore, che richiede la conoscenza della lingua italiana, le informazioni relative alla cittadinanza per matrimonio vengono fornite in italiano. Coloro che richiedono la cittadinanza italiana per matrimonio o unione civile devono essere a conoscenza dei doveri nei confronti della Repubblica italiana, primi fra tutti l\u2019adesione ai valori [&hellip;]","protected":false},"author":4,"featured_media":0,"parent":90,"menu_order":0,"comment_status":"closed","ping_status":"closed","template":"","meta":{"footnotes":""},"class_list":["post-493","page","type-page","status-publish","hentry"],"_links":{"self":[{"href":"https:\/\/ambminsk.esteri.it\/it\/wp-json\/wp\/v2\/pages\/493","targetHints":{"allow":["GET"]}}],"collection":[{"href":"https:\/\/ambminsk.esteri.it\/it\/wp-json\/wp\/v2\/pages"}],"about":[{"href":"https:\/\/ambminsk.esteri.it\/it\/wp-json\/wp\/v2\/types\/page"}],"author":[{"embeddable":true,"href":"https:\/\/ambminsk.esteri.it\/it\/wp-json\/wp\/v2\/users\/4"}],"replies":[{"embeddable":true,"href":"https:\/\/ambminsk.esteri.it\/it\/wp-json\/wp\/v2\/comments?post=493"}],"version-history":[{"count":1,"href":"https:\/\/ambminsk.esteri.it\/it\/wp-json\/wp\/v2\/pages\/493\/revisions"}],"predecessor-version":[{"id":494,"href":"https:\/\/ambminsk.esteri.it\/it\/wp-json\/wp\/v2\/pages\/493\/revisions\/494"}],"up":[{"embeddable":true,"href":"https:\/\/ambminsk.esteri.it\/it\/wp-json\/wp\/v2\/pages\/90"}],"wp:attachment":[{"href":"https:\/\/ambminsk.esteri.it\/it\/wp-json\/wp\/v2\/media?parent=493"}],"curies":[{"name":"wp","href":"https:\/\/api.w.org\/{rel}","templated":true}]}}