{"id":49,"date":"2023-04-11T18:13:11","date_gmt":"2023-04-11T16:13:11","guid":{"rendered":"https:\/\/ambasciatapraga.esteri.it\/?page_id=49"},"modified":"2025-12-01T09:19:29","modified_gmt":"2025-12-01T06:19:29","slug":"passaporti-e-carte-didentita","status":"publish","type":"page","link":"https:\/\/ambminsk.esteri.it\/it\/servizi-consolari-e-visti\/servizi-per-il-cittadino-italiano\/passaporti-e-carte-didentita\/","title":{"rendered":"Passaporti"},"content":{"rendered":"<p><strong>Informazioni generali<\/strong><\/p>\n<p>Il passaporto pu\u00f2 essere emesso dall\u2019Ambasciata d\u2019Italia a Minsk per tutti i cittadini italiani iscritti all\u2019anagrafe consolare residenti iscritti all\u2019AIRE. Prima di richiedere il passaporto \u00e8 necessario aver effettuato ed eventualmente aggiornato l\u2019iscrizione all\u2019AIRE attraverso il portale <a href=\"https:\/\/serviziconsolari.esteri.it\/ScoFE\/index.sco\">Fast It<\/a>.<\/p>\n<p>I cittadini italiani non residenti in Bielorussia possono chiedere, eccezionalmente, il rilascio del passaporto solo per giustificati e documentati motivi. In tali casi i tempi di rilascio possono risultare pi\u00f9 lunghi.<\/p>\n<p>Il costo del passaporto \u00e8 di Euro 116,20, da versare allo sportello in contanti.<\/p>\n<p>&nbsp;<\/p>\n<p><strong>MODALITA\u2019 DI RICHIESTA PASSAPORTO<\/strong><\/p>\n<p>L\u2019ufficio passaporti riceve solo per appuntamento che deve essere richiesto attraverso il sistema automatico <a href=\"https:\/\/prenotami.esteri.it\/\"><strong>Prenot@mi<\/strong><\/a>.<\/p>\n<p>Con un\u2019email a\u00a0<a href=\"mailto:minsk.segrconsolare@esteri.it\">minsk.segrconsolare@esteri.it<\/a><strong>\u00a0<\/strong>si prega di anticipare il modulo di richiesta del passaporto compilato e copia del passaporto di cui si \u00e8 titolari.<\/p>\n<p><strong>Nota bene<\/strong>: \u00e8 possibile presentare domanda di rinnovo passaporto a partire da sei mesi prima della scadenza prevista del documento.<\/p>\n<p>&nbsp;<\/p>\n<p><strong>PASSAPORTO PER MAGGIORENNI SENZA FIGLI MINORI<\/strong><\/p>\n<p><strong>Documentazione richiesta<\/strong>:<\/p>\n<p>\u2013 un <a href=\"https:\/\/ambminsk.esteri.it\/wp-content\/uploads\/2023\/08\/modulo_di_domanda_di_passaporto_a_favore_di_maggiorenne.pdf\">modulo di richiesta<\/a>;<\/p>\n<p>\u2013 il passaporto precedente o, se si tratta di primo passaporto, un documento d\u2019identit\u00e0 italiano (carta di identit\u00e0) o straniero (passaporto), munito di foto e firma. Se il passaporto \u00e8 stato smarrito\/rubato \u00e8 necessario presentare denuncia presso le competenti Autorit\u00e0 bielorusse e compilare il seguente <a href=\"https:\/\/ambminsk.esteri.it\/wp-content\/uploads\/2023\/08\/denuncia_furto_smarrimento.pdf\">formulario di denuncia<\/a>;<\/p>\n<p>\u2013 due fotografie identiche e recenti, formato tessera 35\u00d745 mm, a colori su sfondo bianco, in posizione frontale, a viso scoperto, con gli occhi aperti, evitando che la montatura degli occhiali copra i tratti salienti del viso (<a href=\"https:\/\/ambminsk.esteri.it\/wp-content\/uploads\/2023\/08\/linee_guida_foto.pdf\">linee guida foto<\/a>).<\/p>\n<p>&nbsp;<\/p>\n<p><strong>PASSAPORTO PER MAGGIORENNI CON FIGLI MINORI<\/strong><\/p>\n<p><strong>Documentazione richiesta<\/strong>:<\/p>\n<p>\u2013 un <a href=\"https:\/\/ambminsk.esteri.it\/wp-content\/uploads\/2023\/08\/modulo_di_domanda_di_passaporto_a_favore_di_maggiorenne.pdf\">modulo di richiesta<\/a>;<\/p>\n<p>\u2013 il passaporto precedente o, se si tratta di primo passaporto, un documento d\u2019identit\u00e0 italiano (carta di identit\u00e0) o straniero (passaporto), munito di foto e firma. Se il passaporto \u00e8 stato smarrito\/rubato \u00e8 necessario presentare denuncia presso le competenti Autorit\u00e0 bielorusse e compilare il seguente <a href=\"https:\/\/ambminsk.esteri.it\/wp-content\/uploads\/2023\/08\/denuncia_furto_smarrimento.pdf\">formulario di denuncia<\/a>;<\/p>\n<p>\u2013 due fotografie identiche e recenti, formato tessera 35\u00d745 mm, a colori su sfondo bianco, in posizione frontale, a viso scoperto, con gli occhi aperti, evitando che la montatura degli occhiali copra i tratti salienti del viso (<a href=\"https:\/\/ambminsk.esteri.it\/wp-content\/uploads\/2023\/08\/linee_guida_foto.pdf\">linee guida foto<\/a>).<\/p>\n<p>\u2013\u00a0<strong>Attenzione:<\/strong>\u00a0a partire dal 14 giugno 2023, non \u00e8 pi\u00f9 necessario presentare l\u2019atto di assenso dell\u2019altro genitore ai fini del rilascio del proprio passaporto, ai sensi del D.L. 69\/2023, che ha modificato l\u2019articolo 3b della Legge 1185\/1967. \u00c8 sufficiente che il genitore con prole minore interessato autocertifichi di non essere sottoposto a inibitoria al rilascio del passaporto.<\/p>\n<p><a href=\"https:\/\/ambminsk.esteri.it\/wp-content\/uploads\/2023\/08\/Dichiarazione_assenza_ostative_passaporto.pdf\"><strong>Dichiarazione assenza inibitoria al rilascio del passaporto a genitore con figli minori<\/strong><\/a>.<\/p>\n<p>Nota bene: ai sensi dell\u2019Articolo 3-bis della Legge 1185\/1967, quando vi \u00e8 concreto e attuale pericolo che a causa del trasferimento all\u2019estero il genitore possa sottrarsi all\u2019adempimento dei suoi obblighi verso i figli, sar\u00e0 possibile per l\u2019altro genitore richiedere una inibitoria al rilascio del documento.\u00a0L\u2019istanza potr\u00e0 essere presentata presso il giudice competente presso il Tribunale ordinario in cui il minore ha la residenza abituale ovvero, se il minore \u00e8 residente all\u2019estero, il Tribunale nel cui circondario si trova il suo Comune di iscrizione AIRE.<\/p>\n<p>&nbsp;<\/p>\n<p><strong>PASSAPORTO PER MINORI<\/strong><\/p>\n<p>Per i minori da 0 a 3 anni vengono rilasciati passaporti con una validit\u00e0 di 3 anni.<\/p>\n<p>Per i minori dai 3 ai 18 anni vengono rilasciati passaporti con una validit\u00e0 di 5 anni.<\/p>\n<p>Il costo dei passaporti rimane il medesimo (Euro 116,20), nonostante la validit\u00e0 temporale differenziata.<\/p>\n<p>Per i minori di anni 12 non \u00e8 necessaria la rilevazione delle impronte digitali.<\/p>\n<p>I minori dovranno essere sempre presenti per il rilascio del passaporto o del documento di viaggio.<\/p>\n<p><strong>Nota Bene<\/strong>: <em>il patronimico, che non esiste nell\u2019ordinamento giuridico italiano, deve essere considerato parte del nome (acquista la valenza di un secondo nome proprio in quanto elemento identificativo della persona risultante dall\u2019atto di nascita) e pu\u00f2 essere eliminato solo a seguito di istanza rivolta al Prefetto competente, ai sensi degli artt. 89 e segg. ord. st. civ., procedura confermata anche dal Massimario dello Stato Civile \u2013 edizione 2012.<\/em><\/p>\n<p><strong>Documentazione richiesta:<\/strong><\/p>\n<p>\u2013 \u00e8 necessario che l\u2019atto di nascita del minore sia stato registrato presso il Comune di iscrizione AIRE di uno dei genitori, direttamente in Italia o attraverso l\u2019Ambasciata o il Consolato competente per luogo di nascita;<\/p>\n<p>\u2013 un <a href=\"https:\/\/ambminsk.esteri.it\/wp-content\/uploads\/2023\/08\/modulo_di_domanda_di_passaporto_a_favore_di_minorenne.pdf\">modulo di richiesta<\/a> firmato da entrambi i genitori o da uno di essi con l\u2019atto di assenso dell\u2019altro rilasciato separatamente.<\/p>\n<p>ATTENZIONE: se uno dei genitori \u00e8 di cittadinanza non UE, il modulo di richiesta va autenticato. Se il genitore si trova in Italia, l\u2019assenso va autenticato presso la Questura italiana; se il genitore si trova all\u2019estero il documento va autenticato a cura della competente Rappresentanza diplomatico-consolare; in caso di decesso di uno dei genitori occorre presentare una copia dell\u2019atto di morte in originale di quest\u2019ultimo.<\/p>\n<p><a href=\"https:\/\/ambminsk.esteri.it\/wp-content\/uploads\/2025\/02\/Atto-di-assenso-per-figlio-minore-Nuovo.docx\">Modulo atto di assenso al rilascio del passaporto a minore da genitore italiano<\/a><\/p>\n<p><a href=\"https:\/\/ambminsk.esteri.it\/wp-content\/uploads\/2025\/02\/Atto-di-assenso-per-figlio-minore-genitore-extra-UE-Nuovo.docx\">Modulo atto di assenso al rilascio del passaporto a minore da parte di genitore extra-UE<\/a><\/p>\n<p>\u2013 i passaporti dei genitori o altro documento di identit\u00e0 con foto e firma;<\/p>\n<p>\u2013 due fotografie identiche e recenti, formato tessera 35\u00d745 mm, a colori su sfondo bianco, in posizione frontale, a viso scoperto, con gli occhi aperti, evitando che la montatura degli occhiali copra i tratti salienti del viso (<a href=\"https:\/\/ambminsk.esteri.it\/wp-content\/uploads\/2023\/08\/linee_guida_foto.pdf\">linee guida foto<\/a>);<\/p>\n<p>\u2013 passaporto precedente del minore, sempre in originale o qualora sprovvisti di passaporto e solo se ne \u00e8 in possesso, altro documento d\u2019identit\u00e0 con foto e eventualmente firma.<\/p>\n<p>Nel caso in cui non sia possibile ottenere l\u2019assenso da parte dell\u2019altro genitore sar\u00e0 necessario il Decreto del Giudice tutelare. Il Capo della Cancelleria Consolare esercita le funzioni di Giudice tutelare solo per i minori residenti nella circoscrizione consolare.<\/p>\n<p>&nbsp;<\/p>\n<p><strong>DECRETO CONSOLARE<\/strong><\/p>\n<p>Se un genitore si rifiuta di firmare l\u2019atto di assenso il richiedente pu\u00f2 avviare la procedura di richiesta di emissione di un Decreto Consolare con il quale il Capo della Cancelleria Consolare, in veste di Giudice Tutelare, pu\u00f2 eccezionalmente autorizzare il rilascio del passaporto. Questo procedimento deve essere richiesto tramite una domanda scritta dell\u2019interessato, indicando i motivi del mancato assenso e le ragioni per cui il rifiuto viene eventualmente ritenuto pretestuoso o ingiustificato.<\/p>\n<p>La domanda deve contenere informazioni dettagliate circa gli obblighi imposti alla patria potest\u00e0 e all\u2019affidamento del minore. La richiesta deve indicare inoltre l\u2019ultimo indirizzo ed il numero di telefono del genitore non consenziente, in modo che l\u2019Ufficio Consolare provi a contattarlo direttamente. Si fa presente che, in fase istruttoria, l\u2019Ufficio potr\u00e0 richiedere documentazione supplementare a comprova delle dichiarazioni ricevute.<\/p>\n<p>Se si verifica che le ragioni del dissenso dell\u2019altro genitore sono effettivamente ingiustificate, il\u00a0Capo della Cancelleria Consolare, in qualit\u00e0 di Giudice Tutelare e con apposito Decreto, pu\u00f2 autorizzare il rilascio del passaporto.<\/p>\n<p>Questa procedura di volontaria giurisdizione \u00e8 da considerarsi di natura eccezionale e pu\u00f2 essere di conseguenza utilizzata solo in caso di assoluta impossibilit\u00e0 da parte del richiedente ad ottenere l\u2019atto di assenso previsto dalla legge.<\/p>\n<p>&nbsp;<\/p>\n<p>Per eventuali informazioni, siete invitati a scrivere una mail a <a href=\"mailto:minsk.segrconsolare@esteri.it\">minsk.segrconsolare@esteri.it<\/a>.<\/p>\n<p>Per informazioni generali sul rilascio del passaporto \u00e8 possibile consultare il sito <a href=\"https:\/\/www.esteri.it\/it\/servizi-consolari-e-visti\/italiani-all-estero\/documenti_di_viaggio\/passaporto\/\">https:\/\/www.esteri.it\/it\/servizi-consolari-e-visti\/italiani-all-estero\/documenti_di_viaggio\/passaporto\/<\/a> del Ministero degli Affari Esteri e della Cooperazione Internazionale.<\/p>\n<div id=\"divLink_Correlati\">\n<div id=\"Link_Correlati\"><\/div>\n<\/div>\n","protected":false},"excerpt":{"rendered":"Informazioni generali Il passaporto pu\u00f2 essere emesso dall\u2019Ambasciata d\u2019Italia a Minsk per tutti i cittadini italiani iscritti all\u2019anagrafe consolare residenti iscritti all\u2019AIRE. Prima di richiedere il passaporto \u00e8 necessario aver effettuato ed eventualmente aggiornato l\u2019iscrizione all\u2019AIRE attraverso il portale Fast It. I cittadini italiani non residenti in Bielorussia possono chiedere, eccezionalmente, il rilascio del passaporto [&hellip;]","protected":false},"author":1,"featured_media":0,"parent":47,"menu_order":0,"comment_status":"closed","ping_status":"closed","template":"","meta":{"footnotes":""},"class_list":["post-49","page","type-page","status-publish","hentry"],"_links":{"self":[{"href":"https:\/\/ambminsk.esteri.it\/it\/wp-json\/wp\/v2\/pages\/49","targetHints":{"allow":["GET"]}}],"collection":[{"href":"https:\/\/ambminsk.esteri.it\/it\/wp-json\/wp\/v2\/pages"}],"about":[{"href":"https:\/\/ambminsk.esteri.it\/it\/wp-json\/wp\/v2\/types\/page"}],"author":[{"embeddable":true,"href":"https:\/\/ambminsk.esteri.it\/it\/wp-json\/wp\/v2\/users\/1"}],"replies":[{"embeddable":true,"href":"https:\/\/ambminsk.esteri.it\/it\/wp-json\/wp\/v2\/comments?post=49"}],"version-history":[{"count":6,"href":"https:\/\/ambminsk.esteri.it\/it\/wp-json\/wp\/v2\/pages\/49\/revisions"}],"predecessor-version":[{"id":3466,"href":"https:\/\/ambminsk.esteri.it\/it\/wp-json\/wp\/v2\/pages\/49\/revisions\/3466"}],"up":[{"embeddable":true,"href":"https:\/\/ambminsk.esteri.it\/it\/wp-json\/wp\/v2\/pages\/47"}],"wp:attachment":[{"href":"https:\/\/ambminsk.esteri.it\/it\/wp-json\/wp\/v2\/media?parent=49"}],"curies":[{"name":"wp","href":"https:\/\/api.w.org\/{rel}","templated":true}]}}