{"id":423,"date":"2023-08-03T16:57:12","date_gmt":"2023-08-03T13:57:12","guid":{"rendered":"https:\/\/ambminsk.esteri.it\/?page_id=423"},"modified":"2023-08-29T10:04:06","modified_gmt":"2023-08-29T07:04:06","slug":"notifiche_estero","status":"publish","type":"page","link":"https:\/\/ambminsk.esteri.it\/it\/servizi-consolari-e-visti\/servizi-per-il-cittadino-italiano\/notifiche_estero\/","title":{"rendered":"Notifiche all&#8217;estero"},"content":{"rendered":"<p style=\"text-align: left;\" align=\"center\"><strong>Notifica all\u2019estero di atti giudiziari ed extragiudiziari<\/strong><\/p>\n<p>L\u2019attivit\u00e0 di notificazione \u00e8 una fase fondamentale dei processi civili, penali, tributari, amministrativi, fallimentari e del lavoro, nonch\u00e9 di alcune fasi pre-processuali o amministrative, che d\u00e0 la conoscenza legale di un provvedimento mediante la consegna di un atto, giudiziario o extragiudiziario, da parte di un particolare soggetto notificatore, secondo precise modalit\u00e0.<br \/>\nAi sensi dell\u2019art. 37 del D.Lgs. 71\/2011 l\u2019Ufficio consolare provvede alla notifica degli atti ad esso rimessi, in conformit\u00e0 alle disposizioni di cooperazione giudiziaria dell\u2019UE, alle convenzioni internazionali in materia e alle leggi dello Stato di residenza.<\/p>\n<p><strong>NOTIFICA ALL\u2019ESTERO DEGLI ATTI GIUDIZIARI ED EXTRAGIUDIZIARI IN MATERIA CIVILE E COMMERCIALE<\/strong>.<br \/>\nLe informazioni sono reperibili nella\u00a0<a href=\"https:\/\/www.esteri.it\/wp-content\/uploads\/2022\/10\/Guida-notifiche-civili-e-commerciali-2022.pdf\">\u201cGuida alla notifica all\u2019estero degli atti giudiziari ed extragiudiziari in materia civile e commerciale (Edizione 2022)\u201d.<\/a><\/p>\n<p><strong>NOTIFICA DI ATTI AMMINISTRATIVI A PERSONE RESIDENTI ALL\u2019ESTERO<\/strong><\/p>\n<p><a href=\"https:\/\/www.esteri.it\/wp-content\/uploads\/2022\/10\/Guida-Notifiche-Amministrative-2022.pdf\">Le informazioni sono reperibili nel seguente documento<\/a><\/p>\n<p><strong>NOTIFICA IN ITALIA \u00a0DI \u00a0ATTI GIUDIZIARI ED EXTRAGIUDIZIALI IN MATERIA CIVILE \u2013 COMMERCIALE, AMMINISTRATIVA E PENALE<\/strong><\/p>\n<p>Il\u00a0<a class=\"\" href=\"https:\/\/www.esteri.it\/wp-content\/uploads\/2022\/06\/Vademecum-Notifiche-in-Italia-2022.pdf\">vademecum<\/a>\u00a0intende fornire alle Rappresentanze Diplomatico-consolari straniere accreditate presso il Quirinale un essenziale strumento di consultazione,<br \/>\nper \u00a0agevolare le procedure di notificazione di atti giudiziari destinati a soggetti (persone fisiche e giuridiche) domiciliati o residenti in Italia<\/p>\n<div id=\"divLink_Correlati\">\n<div id=\"Link_Correlati\">\n<h3>LINK UTILI<\/h3>\n<p><a title=\"\" href=\"http:\/\/www.esteri.it\/MAE\/normative\/Normativa_Consolare\/ServiziConsolari\/Notifiche\/MaterIaCivile\/Guida_alla_notifica_all_estero_degli_atti_giudiz_extragiudiz_materia_civile_commerciale_new.pdf\"><strong>Guida alla notifica all&#8217;estero degli atti giudiziari ed extragiudiziari in materia civile e commerciale<\/strong><\/a><br \/>\n<a title=\"\" href=\"http:\/\/www.conventions.coe.int\/\"><strong>Council of Europe Treaties<\/strong><\/a><br \/>\n<a title=\"\" href=\"http:\/\/www.esteri.it\/MAE\/IT\/Ministero\/LaReteDiplomatica\/Ambasciate\/default.htm\"><strong>Elenco Rappresentanze diplomatico-consolari all&#8217;estero<\/strong><\/a><br \/>\n<strong>Ufficio di Riferimento Ministero Affari Esteri:\u00a0<\/strong><a title=\"\" href=\"http:\/\/www.esteri.it\/MAE\/IT\/Ministero\/Struttura\/DGItalianiEstero\/\"><strong>D.G.IT. &#8211; UFFICIO IV<\/strong><\/a><br \/>\n<strong>Link sito Ministero Affari Esteri:\u00a0<a title=\"Notifiche Estero\" href=\"http:\/\/www.esteri.it\/MAE\/IT\/Italiani_nel_Mondo\/ServiziConsolari\/Notifiche_estero.htm\">Notifiche Estero<\/a><\/strong><\/p>\n<h3>CONTATTI<\/h3>\n<p><strong>Indirizzo e-mail ufficio consolare Ambasciata di Minsk:\u00a0<\/strong><a title=\"\" href=\"mailto:uffconsolare.minsk@esteri.it\"><strong>uffconsolare.minsk@esteri.it<\/strong><\/a><\/p>\n<\/div>\n<\/div>\n","protected":false},"excerpt":{"rendered":"Notifica all\u2019estero di atti giudiziari ed extragiudiziari L\u2019attivit\u00e0 di notificazione \u00e8 una fase fondamentale dei processi civili, penali, tributari, amministrativi, fallimentari e del lavoro, nonch\u00e9 di alcune fasi pre-processuali o amministrative, che d\u00e0 la conoscenza legale di un provvedimento mediante la consegna di un atto, giudiziario o extragiudiziario, da parte di un particolare soggetto notificatore, [&hellip;]","protected":false},"author":4,"featured_media":0,"parent":47,"menu_order":0,"comment_status":"closed","ping_status":"closed","template":"","meta":{"footnotes":""},"class_list":["post-423","page","type-page","status-publish","hentry"],"_links":{"self":[{"href":"https:\/\/ambminsk.esteri.it\/it\/wp-json\/wp\/v2\/pages\/423","targetHints":{"allow":["GET"]}}],"collection":[{"href":"https:\/\/ambminsk.esteri.it\/it\/wp-json\/wp\/v2\/pages"}],"about":[{"href":"https:\/\/ambminsk.esteri.it\/it\/wp-json\/wp\/v2\/types\/page"}],"author":[{"embeddable":true,"href":"https:\/\/ambminsk.esteri.it\/it\/wp-json\/wp\/v2\/users\/4"}],"replies":[{"embeddable":true,"href":"https:\/\/ambminsk.esteri.it\/it\/wp-json\/wp\/v2\/comments?post=423"}],"version-history":[{"count":5,"href":"https:\/\/ambminsk.esteri.it\/it\/wp-json\/wp\/v2\/pages\/423\/revisions"}],"predecessor-version":[{"id":768,"href":"https:\/\/ambminsk.esteri.it\/it\/wp-json\/wp\/v2\/pages\/423\/revisions\/768"}],"up":[{"embeddable":true,"href":"https:\/\/ambminsk.esteri.it\/it\/wp-json\/wp\/v2\/pages\/47"}],"wp:attachment":[{"href":"https:\/\/ambminsk.esteri.it\/it\/wp-json\/wp\/v2\/media?parent=423"}],"curies":[{"name":"wp","href":"https:\/\/api.w.org\/{rel}","templated":true}]}}