{"id":417,"date":"2023-08-03T16:23:54","date_gmt":"2023-08-03T13:23:54","guid":{"rendered":"https:\/\/ambminsk.esteri.it\/?page_id=417"},"modified":"2023-08-04T15:46:09","modified_gmt":"2023-08-04T12:46:09","slug":"minori","status":"publish","type":"page","link":"https:\/\/ambminsk.esteri.it\/it\/servizi-consolari-e-visti\/servizi-per-il-cittadino-italiano\/minori\/","title":{"rendered":"Minori"},"content":{"rendered":"<p>Per tutela del minore si intende quel potere assimilabile alla potest\u00e0 genitoriale, a cui \u00e8 sottoposto il minore di et\u00e0 privo di entrambi i genitori.<br \/>\nPer il minore residente all\u2019estero essa trova fondamento negli art. 33 \u2013 35 del D.Lgs. 71\/2011 ed \u00e8 regolata dagli artt. 343 \u2013 399 del Codice Civile, che il Capo della Rappresentanza consolare \u2013 in veste di giudice tutelare \u2013 \u00e8 tenuto ad applicare.<\/p>\n<p>L\u2019esercizio delle funzioni di giudice tutelare pu\u00f2 essere di difficile assolvimento qualora il minore italiano sia in possesso di doppia cittadinanza (quella del genitore italiano e quella del Paese in cui risiede).<br \/>\nIn caso di doppia cittadinanza, ogni tipo di azione che l\u2019Autorit\u00e0 consolare \u00e8 chiamata a svolgere potrebbe essere ostacolata in quanto l\u2019ordinamento in vigore nel Paese straniero potrebbe :<\/p>\n<ul>\n<li>considerare subordinata la cittadinanza italiana;<\/li>\n<li>prevedere l\u2019esercizio in via esclusiva della tutela del minore.<\/li>\n<\/ul>\n","protected":false},"excerpt":{"rendered":"Per tutela del minore si intende quel potere assimilabile alla potest\u00e0 genitoriale, a cui \u00e8 sottoposto il minore di et\u00e0 privo di entrambi i genitori. Per il minore residente all\u2019estero essa trova fondamento negli art. 33 \u2013 35 del D.Lgs. 71\/2011 ed \u00e8 regolata dagli artt. 343 \u2013 399 del Codice Civile, che il Capo [&hellip;]","protected":false},"author":4,"featured_media":0,"parent":47,"menu_order":0,"comment_status":"closed","ping_status":"closed","template":"","meta":{"footnotes":""},"class_list":["post-417","page","type-page","status-publish","hentry"],"_links":{"self":[{"href":"https:\/\/ambminsk.esteri.it\/it\/wp-json\/wp\/v2\/pages\/417","targetHints":{"allow":["GET"]}}],"collection":[{"href":"https:\/\/ambminsk.esteri.it\/it\/wp-json\/wp\/v2\/pages"}],"about":[{"href":"https:\/\/ambminsk.esteri.it\/it\/wp-json\/wp\/v2\/types\/page"}],"author":[{"embeddable":true,"href":"https:\/\/ambminsk.esteri.it\/it\/wp-json\/wp\/v2\/users\/4"}],"replies":[{"embeddable":true,"href":"https:\/\/ambminsk.esteri.it\/it\/wp-json\/wp\/v2\/comments?post=417"}],"version-history":[{"count":2,"href":"https:\/\/ambminsk.esteri.it\/it\/wp-json\/wp\/v2\/pages\/417\/revisions"}],"predecessor-version":[{"id":607,"href":"https:\/\/ambminsk.esteri.it\/it\/wp-json\/wp\/v2\/pages\/417\/revisions\/607"}],"up":[{"embeddable":true,"href":"https:\/\/ambminsk.esteri.it\/it\/wp-json\/wp\/v2\/pages\/47"}],"wp:attachment":[{"href":"https:\/\/ambminsk.esteri.it\/it\/wp-json\/wp\/v2\/media?parent=417"}],"curies":[{"name":"wp","href":"https:\/\/api.w.org\/{rel}","templated":true}]}}