{"id":413,"date":"2023-08-03T16:19:26","date_gmt":"2023-08-03T13:19:26","guid":{"rendered":"https:\/\/ambminsk.esteri.it\/?page_id=413"},"modified":"2023-08-03T16:19:26","modified_gmt":"2023-08-03T13:19:26","slug":"anagrafe-italiani-residenti-allestero-a-i-r-e","status":"publish","type":"page","link":"https:\/\/ambminsk.esteri.it\/it\/servizi-consolari-e-visti\/servizi-per-il-cittadino-italiano\/anagrafe-italiani-residenti-allestero-a-i-r-e\/","title":{"rendered":"Anagrafe Italiani residenti all&#8217;estero (A.I.R.E.)"},"content":{"rendered":"<p>L\u2019Anagrafe degli Italiani Residenti all\u2019Estero (A.I.R.E.) \u00e8 stata istituita con legge 27 ottobre 1988, n. 470 e contiene i dati dei cittadini italiani che intendono risiedere all\u2019estero per un periodo superiore ai dodici mesi. Essa \u00e8 gestita dai Comuni sulla base dei dati e delle informazioni provenienti dalle Rappresentanze consolari all\u2019estero.<br \/>\nL\u2019iscrizione all\u2019A.I.R.E. \u00e8 un diritto-dovere del cittadino (art. 6 legge 470\/1988) e costituisce il presupposto per usufruire di una serie di servizi forniti dalle Rappresentanze consolari all\u2019estero, nonch\u00e9 per l\u2019esercizio di importanti diritti, quali per esempio:<\/p>\n<ul>\n<li>la possibilit\u00e0 di votare per elezioni politiche e referendum per corrispondenza nel Paese di residenza, e per l&#8217;elezione dei rappresentanti italiani al Parlamento Europeo nei seggi istituiti dalla rete diplomatico-consolare nei Paesi appartenenti all&#8217;U.E.;<\/li>\n<li>la possibilit\u00e0 di ottenere il rilascio o rinnovo di documenti di identit\u00e0 e di viaggio, nonch\u00e9 certificazioni;<\/li>\n<li>la possibilit\u00e0 di rinnovare la patente di guida (solo in Paesi extra U.E.; per i dettagli si rimanda alla sezione\u00a0Autoveicoli e patenti di guida).<\/li>\n<\/ul>\n<p><strong>Devono iscriversi all\u2019A.I.R.E.:<\/strong><\/p>\n<ul>\n<li>i cittadini che trasferiscono la propria residenza all\u2019estero per periodi superiori a 12 mesi;<\/li>\n<li>quelli che gi\u00e0 vi risiedono, sia perch\u00e9 nati all\u2019estero che per successivo acquisto della cittadinanza italiana a qualsiasi titolo.<\/li>\n<\/ul>\n<p><strong>Non devono &#8211; per contro &#8211; iscriversi all\u2019A.I.R.E.:<\/strong><\/p>\n<ul>\n<li>le persone che si recano all\u2019estero per un periodo di tempo inferiore ad un anno;<\/li>\n<li>i lavoratori stagionali;<\/li>\n<li>i dipendenti di ruolo dello Stato in servizio all\u2019estero, che siano notificati ai sensi delle Convenzioni di Vienna sulle relazioni diplomatiche e sulle relazioni consolari rispettivamente del 1961 e del 1963;<\/li>\n<li>i militari italiani in servizio presso gli uffici e le strutture della NATO dislocate all\u2019estero.<\/li>\n<\/ul>\n<p>L\u2019iscrizione all\u2019A.I.R.E. \u00e8 effettuata a seguito di\u00a0dichiarazione, resa dall\u2019interessato all\u2019Ufficio consolare competente per territorio, mediante apposito modulo, entro 90 giorni dal trasferimento della residenza.<br \/>\nEssa comporta la contestuale cancellazione dall\u2019Anagrafe della Popolazione Residente (A.P.R.) del Comune di provenienza.<br \/>\nE&#8217; necessaria l\u2019esibizione di un documento che provi l\u2019effettivo domicilio nella circoscrizione consolare (es. certificato di residenza rilasciato dall\u2019autorit\u00e0 estera, utenze, bollette, ecc.).<\/p>\n<p>L\u2019iscrizione pu\u00f2 anche avvenire d\u2019ufficio, sulla base di informazioni di cui l\u2019Ufficio consolare sia venuto a conoscenza.<\/p>\n<p>L&#8217;iscrizione all&#8217;A.I.R.E. \u00e9\u00a0<strong>GRATUITA<\/strong>.<\/p>\n<p>Per le modalit\u00e0 di iscrizione (invio moduli via mail, fax, ecc.) si suggerisce di contattare l\u2019Ufficio consolare sul cui sito di norma sono disponibili anche i\u00a0moduli di richiesta bilingue.<\/p>\n<p><strong>L&#8217;aggiornamento dell&#8217;A.I.R.E. dipende dal cittadino.<\/strong><br \/>\nL&#8217;interessato deve tempestivamente comunicare all\u2019ufficio consolare:<\/p>\n<ul>\n<li>il trasferimento della propria residenza o abitazione;<\/li>\n<li>le modifiche dello stato civile anche per l\u2019eventuale trascrizione in Italia degli atti stranieri (matrimonio, nascita, divorzio, morte, ecc.).<\/li>\n<\/ul>\n<p><strong>Il mancato aggiornamento delle informazioni, in particolare di quelle riguardanti il cambio di indirizzo, rende impossibile il contatto con il cittadino e il ricevimento della cartolina o del plico elettorale in caso di votazioni.<\/strong><\/p>\n<p><strong>\u00c8 importante che il connazionale comunichi il proprio indirizzo in modo corretto e completo<\/strong>\u00a0attenendosi alle norme postali del Paese di residenza.<\/p>\n<p>La\u00a0<strong>cancellazione dall&#8217;A.I.R.E.<\/strong>\u00a0avviene:<\/p>\n<ul>\n<li>per iscrizione nell\u2019Anagrafe della Popolazione Residente (A.P.R.) di un Comune italiano a seguito di trasferimento dall&#8217;estero o rimpatrio;<\/li>\n<li>per morte, compresa la morte presunta giudizialmente dichiarata;<\/li>\n<li>per irreperibilit\u00e0 presunta, salvo prova contraria, trascorsi cento anni dalla nascita o dopo la effettuazione di due successive rilevazioni, oppure quando risulti non pi\u00f9 valido l\u2019indirizzo all\u2019estero comunicato in precedenza e non sia possibile acquisire quello nuovo;<\/li>\n<li>per perdita della cittadinanza italiana.<\/li>\n<\/ul>\n<p><strong>Rimpatrio dei cittadini iscritti all\u2019AIRE<\/strong><\/p>\n<ul>\n<li>I cittadini\u00a0<strong>iscritti AIRE<\/strong>\u00a0che rientrano definitivamente in Italia<strong>\u00a0dovranno presentarsi presso il Comune<\/strong>\u00a0dove hanno deciso di stabilirsi per<strong>\u00a0dichiarare il nuovo indirizzo di residenza<\/strong>.<\/li>\n<li>Nella stessa data il Comune provveder\u00e0 alla\u00a0<strong>cancellazione dall\u2019AIRE<\/strong>\u00a0con\u00a0<strong>contestuale iscrizione in APR<\/strong>\u00a0(Anagrafe Popolazione Residente).<\/li>\n<li>\u00c8 cura del\u00a0<strong>Comune comunicare ufficialmente la data di decorrenza del rimpatrio al Consolato di provenienza<\/strong>\u00a0che registrer\u00e0 nei propri schedari consolari il rimpatrio.<\/li>\n<\/ul>\n","protected":false},"excerpt":{"rendered":"L\u2019Anagrafe degli Italiani Residenti all\u2019Estero (A.I.R.E.) \u00e8 stata istituita con legge 27 ottobre 1988, n. 470 e contiene i dati dei cittadini italiani che intendono risiedere all\u2019estero per un periodo superiore ai dodici mesi. Essa \u00e8 gestita dai Comuni sulla base dei dati e delle informazioni provenienti dalle Rappresentanze consolari all\u2019estero. L\u2019iscrizione all\u2019A.I.R.E. \u00e8 un [&hellip;]","protected":false},"author":4,"featured_media":0,"parent":47,"menu_order":0,"comment_status":"closed","ping_status":"closed","template":"","meta":{"footnotes":""},"class_list":["post-413","page","type-page","status-publish","hentry"],"_links":{"self":[{"href":"https:\/\/ambminsk.esteri.it\/it\/wp-json\/wp\/v2\/pages\/413","targetHints":{"allow":["GET"]}}],"collection":[{"href":"https:\/\/ambminsk.esteri.it\/it\/wp-json\/wp\/v2\/pages"}],"about":[{"href":"https:\/\/ambminsk.esteri.it\/it\/wp-json\/wp\/v2\/types\/page"}],"author":[{"embeddable":true,"href":"https:\/\/ambminsk.esteri.it\/it\/wp-json\/wp\/v2\/users\/4"}],"replies":[{"embeddable":true,"href":"https:\/\/ambminsk.esteri.it\/it\/wp-json\/wp\/v2\/comments?post=413"}],"version-history":[{"count":1,"href":"https:\/\/ambminsk.esteri.it\/it\/wp-json\/wp\/v2\/pages\/413\/revisions"}],"predecessor-version":[{"id":414,"href":"https:\/\/ambminsk.esteri.it\/it\/wp-json\/wp\/v2\/pages\/413\/revisions\/414"}],"up":[{"embeddable":true,"href":"https:\/\/ambminsk.esteri.it\/it\/wp-json\/wp\/v2\/pages\/47"}],"wp:attachment":[{"href":"https:\/\/ambminsk.esteri.it\/it\/wp-json\/wp\/v2\/media?parent=413"}],"curies":[{"name":"wp","href":"https:\/\/api.w.org\/{rel}","templated":true}]}}