{"id":41,"date":"2023-04-11T18:07:19","date_gmt":"2023-04-11T16:07:19","guid":{"rendered":"https:\/\/ambasciatapraga.esteri.it\/?page_id=41"},"modified":"2024-09-12T18:01:36","modified_gmt":"2024-09-12T15:01:36","slug":"numeri-di-emergenza","status":"publish","type":"page","link":"https:\/\/ambminsk.esteri.it\/it\/chi-siamo\/numeri-di-emergenza\/","title":{"rendered":"Numeri di emergenza"},"content":{"rendered":"<p><strong>Questa Ambasciata ha un numero di telefono di emergenza:<\/strong><\/p>\n<p>Telefono Portatile: +375 29 650 89 94<\/p>\n<p>Il numero \u00e8 operativo nelle seguenti fasce orarie:<\/p>\n<ul>\n<li>dal luned\u00ec al venerd\u00ec dalle 18.00 alle 23.00<\/li>\n<li>sabato, domenica e festivi dalle 9.00 alle 21.00<\/li>\n<\/ul>\n<p><strong>IL RECAPITO DI EMERGENZA E&#8217; DEDICATO ESCLUSIVAMENTE A CITTADINI ITALIANI E SOLO PER SITUAZIONI DI COMPROVATA EMERGENZA E MINACCIA ALLA SICUREZZA E ALL\u2019INCOLUMITA\u2019 DEGLI STESSI.<\/strong>\u00a0Le chiamate per pratiche consolari ordinarie (passaporti, visti ecc.)\u00a0<strong>NON<\/strong>\u00a0potranno essere prese in considerazione.<\/p>\n<p><strong>IL FUNZIONARIO DI TURNO DEL MINISTERO DEGLI AFFARI ESTERI E DELLA COOPERAZIONE INTERNAZIONALE E\u2019 OPERATIVO PER TUTTE LE ALTRE FASCE ORARIE:<\/strong><\/p>\n<p>Tel. +39 06 3691 2666<\/p>\n<p>In caso di effettiva necessit\u00e0, il Funzionario di turno del MAECI raggiunger\u00e0 tempestivamente i Funzionari dell\u2019Ambasciata d\u2019Italia a Minsk.<\/p>\n","protected":false},"excerpt":{"rendered":"Questa Ambasciata ha un numero di telefono di emergenza: Telefono Portatile: +375 29 650 89 94 Il numero \u00e8 operativo nelle seguenti fasce orarie: dal luned\u00ec al venerd\u00ec dalle 18.00 alle 23.00 sabato, domenica e festivi dalle 9.00 alle 21.00 IL RECAPITO DI EMERGENZA E&#8217; DEDICATO ESCLUSIVAMENTE A CITTADINI ITALIANI E SOLO PER SITUAZIONI DI [&hellip;]","protected":false},"author":1,"featured_media":0,"parent":13,"menu_order":6,"comment_status":"closed","ping_status":"closed","template":"","meta":{"footnotes":""},"class_list":["post-41","page","type-page","status-publish","hentry"],"_links":{"self":[{"href":"https:\/\/ambminsk.esteri.it\/it\/wp-json\/wp\/v2\/pages\/41","targetHints":{"allow":["GET"]}}],"collection":[{"href":"https:\/\/ambminsk.esteri.it\/it\/wp-json\/wp\/v2\/pages"}],"about":[{"href":"https:\/\/ambminsk.esteri.it\/it\/wp-json\/wp\/v2\/types\/page"}],"author":[{"embeddable":true,"href":"https:\/\/ambminsk.esteri.it\/it\/wp-json\/wp\/v2\/users\/1"}],"replies":[{"embeddable":true,"href":"https:\/\/ambminsk.esteri.it\/it\/wp-json\/wp\/v2\/comments?post=41"}],"version-history":[{"count":7,"href":"https:\/\/ambminsk.esteri.it\/it\/wp-json\/wp\/v2\/pages\/41\/revisions"}],"predecessor-version":[{"id":2213,"href":"https:\/\/ambminsk.esteri.it\/it\/wp-json\/wp\/v2\/pages\/41\/revisions\/2213"}],"up":[{"embeddable":true,"href":"https:\/\/ambminsk.esteri.it\/it\/wp-json\/wp\/v2\/pages\/13"}],"wp:attachment":[{"href":"https:\/\/ambminsk.esteri.it\/it\/wp-json\/wp\/v2\/media?parent=41"}],"curies":[{"name":"wp","href":"https:\/\/api.w.org\/{rel}","templated":true}]}}