{"id":40,"date":"2023-04-11T18:01:19","date_gmt":"2023-04-11T16:01:19","guid":{"rendered":"https:\/\/ambasciatapraga.esteri.it\/?page_id=40"},"modified":"2026-02-16T12:50:15","modified_gmt":"2026-02-16T09:50:15","slug":"gli-uffici","status":"publish","type":"page","link":"https:\/\/ambminsk.esteri.it\/it\/chi-siamo\/gli-uffici\/","title":{"rendered":"Gli Uffici"},"content":{"rendered":"<p><strong>AMBASCIATA D\u2019ITALIA A MINSK<\/strong><\/p>\n<p>&nbsp;<\/p>\n<p><span style=\"text-decoration: underline;\"><strong>CAPO MISSIONE<\/strong><\/span> Incaricato d&#8217;Affari <strong>Tomaso Pietro Marchegiani<\/strong><\/p>\n<p><span style=\"text-decoration: underline;\"><strong>VICARIO CAPO MISSIONE<\/strong><\/span>\u00a0Dott.ssa\u00a0<strong>Virginia Fadelli\u00a0<\/strong><\/p>\n<p>&nbsp;<\/p>\n<p><span style=\"text-decoration: underline;\"><strong>UFFICIO VISTI<\/strong><\/span><\/p>\n<p><strong>CAPO DELLA CANCELLERIA CONSOLARE:\u00a0<\/strong>Dott.ssa\u00a0\u00a0<strong>Virginia Fadelli<\/strong><\/p>\n<p><strong>VICE CAPO DELLA CANCELLERIA CONSOLARE:<\/strong>\u00a0Dott.\u00a0<strong>Kristian Podorieszach<\/strong><\/p>\n<p><strong>VICE <\/strong><strong>COMMISSARIO<\/strong><strong> AMMINISTRATIVO, CONSOLARE E SOCIALE:\u00a0<\/strong>Dott.ssa\u00a0<strong>Lucrezia D\u2019Annessa<\/strong><\/p>\n<p>E-mail:\u00a0<strong><u><a href=\"mailto:minsk.ufficiovisti@esteri.it\">minsk.ufficiovisti@esteri.it<\/a><\/u><\/strong><\/p>\n<p>Per visti AFFARI: <strong><a href=\"mailto:segrcomm.minsk@esteri.it\">segrcomm.minsk@esteri.it<\/a><a href=\"mailto:segreteriacommerciale.minsk@esteri.it\">\u00a0<\/a><\/strong><\/p>\n<p style=\"text-align: justify;\">Il Servizio Visti \u00e8 aperto al pubblico dal luned\u00ec al venerd\u00ec dalle ore 09:00 alle ore 12:00.<\/p>\n<p style=\"text-align: justify;\">La consegna dei visti di ingresso avviene dal luned\u00ec al venerd\u00ec dalle ore 12:30 alle ore 13:00.<\/p>\n<p style=\"text-align: justify;\">Il ricevimento del pubblico per la presentazione delle domande di visto avviene tramite appuntamento. Per maggiori informazioni consultare la pagina\u00a0<a href=\"https:\/\/ambminsk.esteri.it\/it\/servizi-consolari-e-visti\/servizi-per-il-cittadino-italiano\/prenotazione-visti-e-servizi-consolari\/\">Prenotazione visti e servizi consolari<\/a><\/p>\n<p>&nbsp;<\/p>\n<p><span style=\"text-decoration: underline;\"><strong>CANCELLERIA CONSOLARE<\/strong><\/span><\/p>\n<p><strong>CAPO DELLA CANCELLERIA CONSOLARE:\u00a0<\/strong>Dott.ssa\u00a0\u00a0<strong>Virginia Fadelli<\/strong><\/p>\n<p><strong>VICE CAPO DELLA CANCELLERIA CONSOLARE:<\/strong>\u00a0Dott.\u00a0<strong>Kristian Podorieszach<\/strong><\/p>\n<p>Email:\u00a0<strong><a href=\"mailto:minsk.segrconsolare@esteri.it\">minsk.segrconsolare@esteri.it<\/a><\/strong><\/p>\n<p>Indirizzo PEC per questioni consolari: <strong><a href=\"mailto:amb.minsk.consolare@cert.esteri.it\">amb.minsk.consolare@cert.esteri.it<\/a><\/strong><\/p>\n<p style=\"text-align: justify;\">Il Polisportello Consolare \u00e8 aperto al pubblico dal luned\u00ec al venerd\u00ec dalle ore 09:00 alle ore 12:00.<\/p>\n<p style=\"text-align: justify;\">La restituzione dei documenti avviene dal luned\u00ec al venerd\u00ec dalle ore 12:30 alle ore 13:00.<\/p>\n<p style=\"text-align: justify;\">Il ricevimento del pubblico per il disbrigo delle pratiche consolari avviene tramite appuntamento. Per maggiori informazioni consultare la pagina\u00a0<a href=\"https:\/\/ambminsk.esteri.it\/it\/servizi-consolari-e-visti\/servizi-per-il-cittadino-italiano\/prenotazione-visti-e-servizi-consolari\/\">Prenotazione visti e servizi consolari<\/a><\/p>\n<p>&nbsp;<\/p>\n<p><span style=\"text-decoration: underline;\"><strong>UFFICIO ECONOMICO-COMMERCIALE<\/strong><\/span><\/p>\n<p><strong>RESPONSABILE SERVIZIO:<\/strong>\u00a0Dott.ssa\u00a0<strong>Virginia Fadelli<\/strong><\/p>\n<p>Email:\u00a0<strong><a href=\"mailto:segrcomm.minsk@esteri.it\">segrcomm.minsk@esteri.it<\/a><a href=\"mailto:segreteriacommerciale.minsk@esteri.it\">\u00a0<\/a><\/strong><\/p>\n<p>&nbsp;<\/p>\n<p><span style=\"text-decoration: underline;\"><strong>AMMINISTRAZIONE E CONTABILITA&#8217;<\/strong><\/span><\/p>\n<p><strong>VICE <\/strong><strong>COMMISSARIO<\/strong><strong> AMMINISTRATIVO<\/strong><strong>&#8211;<\/strong><strong>CONTABILE: <\/strong>Dott.\u00a0<strong>Pierfrancesco Laghi<\/strong><\/p>\n<p>Email: <strong><a href=\"mailto:admin.minsk@esteri.it\">admin.minsk@esteri.it<\/a><\/strong><\/p>\n<p>&nbsp;<\/p>\n<p><span style=\"text-decoration: underline;\"><strong>SERVIZIO CULTURALE-STAMPA<\/strong><\/span><\/p>\n<p>Email:\u00a0<strong><a href=\"mailto:culturale.minsk@esteri.it\">culturale.minsk@esteri.it<\/a><\/strong><\/p>\n<p>&nbsp;<\/p>\n<p><span style=\"text-decoration: underline;\"><strong>UFFICIO DELL\u2019ADDETTO PER LA DIFESA<\/strong><\/span>\u00a0(residente a Mosca):<\/p>\n<p><strong>Capitano di Vascello Vittorio Parrella<\/strong>,\u00a0<strong>Addetto per la Difesa<\/strong><\/p>\n<p>Tel. +7(499)2412402<br \/>\nFax +7(499)2418351<br \/>\nEmail:\u00a0<strong><a href=\"mailto:difeitalia.mosca@smd.difesa.it\">difeitalia.mosca@smd.difesa.it<\/a><\/strong><\/p>\n","protected":false},"excerpt":{"rendered":"AMBASCIATA D\u2019ITALIA A MINSK &nbsp; CAPO MISSIONE Incaricato d&#8217;Affari Tomaso Pietro Marchegiani VICARIO CAPO MISSIONE\u00a0Dott.ssa\u00a0Virginia Fadelli\u00a0 &nbsp; UFFICIO VISTI CAPO DELLA CANCELLERIA CONSOLARE:\u00a0Dott.ssa\u00a0\u00a0Virginia Fadelli VICE CAPO DELLA CANCELLERIA CONSOLARE:\u00a0Dott.\u00a0Kristian Podorieszach VICE COMMISSARIO AMMINISTRATIVO, CONSOLARE E SOCIALE:\u00a0Dott.ssa\u00a0Lucrezia D\u2019Annessa E-mail:\u00a0minsk.ufficiovisti@esteri.it Per visti AFFARI: segrcomm.minsk@esteri.it\u00a0 Il Servizio Visti \u00e8 aperto al pubblico dal luned\u00ec al venerd\u00ec dalle ore [&hellip;]","protected":false},"author":1,"featured_media":0,"parent":13,"menu_order":4,"comment_status":"closed","ping_status":"closed","template":"","meta":{"footnotes":""},"class_list":["post-40","page","type-page","status-publish","hentry"],"_links":{"self":[{"href":"https:\/\/ambminsk.esteri.it\/it\/wp-json\/wp\/v2\/pages\/40","targetHints":{"allow":["GET"]}}],"collection":[{"href":"https:\/\/ambminsk.esteri.it\/it\/wp-json\/wp\/v2\/pages"}],"about":[{"href":"https:\/\/ambminsk.esteri.it\/it\/wp-json\/wp\/v2\/types\/page"}],"author":[{"embeddable":true,"href":"https:\/\/ambminsk.esteri.it\/it\/wp-json\/wp\/v2\/users\/1"}],"replies":[{"embeddable":true,"href":"https:\/\/ambminsk.esteri.it\/it\/wp-json\/wp\/v2\/comments?post=40"}],"version-history":[{"count":6,"href":"https:\/\/ambminsk.esteri.it\/it\/wp-json\/wp\/v2\/pages\/40\/revisions"}],"predecessor-version":[{"id":3769,"href":"https:\/\/ambminsk.esteri.it\/it\/wp-json\/wp\/v2\/pages\/40\/revisions\/3769"}],"up":[{"embeddable":true,"href":"https:\/\/ambminsk.esteri.it\/it\/wp-json\/wp\/v2\/pages\/13"}],"wp:attachment":[{"href":"https:\/\/ambminsk.esteri.it\/it\/wp-json\/wp\/v2\/media?parent=40"}],"curies":[{"name":"wp","href":"https:\/\/api.w.org\/{rel}","templated":true}]}}