{"id":3870,"date":"2026-03-18T12:24:58","date_gmt":"2026-03-18T09:24:58","guid":{"rendered":"https:\/\/ambminsk.esteri.it\/?page_id=3870"},"modified":"2026-03-18T12:24:58","modified_gmt":"2026-03-18T09:24:58","slug":"universita-g-dannunzio-di-chieti-pescara","status":"publish","type":"page","link":"https:\/\/ambminsk.esteri.it\/it\/italia-e-bielorussia\/diplomazia-culturale\/studiare-in-italia\/universita-g-dannunzio-di-chieti-pescara\/","title":{"rendered":"Universit\u00e0 \u201cG. d\u2019Annunzio\u201d di Chieti-Pescara"},"content":{"rendered":"<p>Per l&#8217;anno accademico 2026\/2027 l&#8217;Universit\u00e0 degli studi &#8220;Gabriele d&#8217;Annunzio&#8221; ha reso disponibili 15 borse di studio rivolte specificamente a studenti internazionali. Il bando \u00e8 reperibile al <a href=\"https:\/\/www.unich.it\/international\/international-students\/call-application\">sito dell&#8217;ateneo<\/a> in lingua italiana e inglese.<\/p>\n<p>L&#8217;Universit\u00e0 &#8220;Gabriele d&#8217;Annunzio&#8221; \u00e8 un giovane ateneo, istituito nel 1965.<\/p>\n<p class=\"field field--name-field-titolo-paragrafo field--type-string field--label-hidden field__items\">Oggi ha\u00a016 Dipartimenti e 3 Scuole\u00a0e grazie a un&#8217;ampia offerta formativa registra un costante aumento della popolazione studentesca. Due sono i Campus universitari: Chieti\u00a0e Pescara.<\/p>\n<div class=\"clearfix text-formatted field field--name-field-testo-paragrafo field--type-text-long field--label-hidden field__items\">\n<p>&nbsp;<\/p>\n<p>&nbsp;<\/p>\n<\/div>\n","protected":false},"excerpt":{"rendered":"Per l&#8217;anno accademico 2026\/2027 l&#8217;Universit\u00e0 degli studi &#8220;Gabriele d&#8217;Annunzio&#8221; ha reso disponibili 15 borse di studio rivolte specificamente a studenti internazionali. Il bando \u00e8 reperibile al sito dell&#8217;ateneo in lingua italiana e inglese. L&#8217;Universit\u00e0 &#8220;Gabriele d&#8217;Annunzio&#8221; \u00e8 un giovane ateneo, istituito nel 1965. Oggi ha\u00a016 Dipartimenti e 3 Scuole\u00a0e grazie a un&#8217;ampia offerta formativa registra [&hellip;]","protected":false},"author":4,"featured_media":0,"parent":99,"menu_order":0,"comment_status":"closed","ping_status":"closed","template":"","meta":{"footnotes":""},"class_list":["post-3870","page","type-page","status-publish","hentry"],"_links":{"self":[{"href":"https:\/\/ambminsk.esteri.it\/it\/wp-json\/wp\/v2\/pages\/3870","targetHints":{"allow":["GET"]}}],"collection":[{"href":"https:\/\/ambminsk.esteri.it\/it\/wp-json\/wp\/v2\/pages"}],"about":[{"href":"https:\/\/ambminsk.esteri.it\/it\/wp-json\/wp\/v2\/types\/page"}],"author":[{"embeddable":true,"href":"https:\/\/ambminsk.esteri.it\/it\/wp-json\/wp\/v2\/users\/4"}],"replies":[{"embeddable":true,"href":"https:\/\/ambminsk.esteri.it\/it\/wp-json\/wp\/v2\/comments?post=3870"}],"version-history":[{"count":1,"href":"https:\/\/ambminsk.esteri.it\/it\/wp-json\/wp\/v2\/pages\/3870\/revisions"}],"predecessor-version":[{"id":3876,"href":"https:\/\/ambminsk.esteri.it\/it\/wp-json\/wp\/v2\/pages\/3870\/revisions\/3876"}],"up":[{"embeddable":true,"href":"https:\/\/ambminsk.esteri.it\/it\/wp-json\/wp\/v2\/pages\/99"}],"wp:attachment":[{"href":"https:\/\/ambminsk.esteri.it\/it\/wp-json\/wp\/v2\/media?parent=3870"}],"curies":[{"name":"wp","href":"https:\/\/api.w.org\/{rel}","templated":true}]}}