{"id":3782,"date":"2026-02-19T11:39:35","date_gmt":"2026-02-19T08:39:35","guid":{"rendered":"https:\/\/ambminsk.esteri.it\/?page_id=3782"},"modified":"2026-02-19T11:39:35","modified_gmt":"2026-02-19T08:39:35","slug":"msca-marathonuniversity-of-padua-master-your-research-and-training-needs","status":"publish","type":"page","link":"https:\/\/ambminsk.esteri.it\/it\/italia-e-bielorussia\/diplomazia-culturale\/studiare-in-italia\/msca-marathonuniversity-of-padua-master-your-research-and-training-needs\/","title":{"rendered":"MSCA MaRaThon@University of Padua &#8211; Master your Research and Training Needs"},"content":{"rendered":"<p>L\u2019Universit\u00e0 di Padova presenta, dopo diverse edizioni di successo, la\u00a0<strong>decima<\/strong><strong>\u00a0edizione della MSCA MaRaThoN<\/strong>, in programma\u00a0<strong>dal 2<\/strong><strong>0<\/strong><strong>\u00a0al 2<\/strong><strong>2<\/strong><strong>\u00a0maggio 202<\/strong><strong>6<\/strong>.<\/p>\n<p>Questo\u00a0<strong>corso di formazione intensivo<\/strong>\u00a0\u00e8 pensato per ricercatrici e ricercatori di talento, che aspirano a partecipare al prestigioso bando Marie Sk\u0142odowska-Curie Actions &#8211; Postdoctoral Fellowships (MSCA-PF), indicando l&#8217;Universit\u00e0 di Padova come ente ospitante.<\/p>\n<p>Maggiori informazioni sono consultabili al <a href=\"https:\/\/www.unipd.it\/msca-marathon26\">sito<\/a> dell&#8217;Universit\u00e0 degli Studi di Padova.<\/p>\n<p>&nbsp;<\/p>\n","protected":false},"excerpt":{"rendered":"L\u2019Universit\u00e0 di Padova presenta, dopo diverse edizioni di successo, la\u00a0decima\u00a0edizione della MSCA MaRaThoN, in programma\u00a0dal 20\u00a0al 22\u00a0maggio 2026. Questo\u00a0corso di formazione intensivo\u00a0\u00e8 pensato per ricercatrici e ricercatori di talento, che aspirano a partecipare al prestigioso bando Marie Sk\u0142odowska-Curie Actions &#8211; Postdoctoral Fellowships (MSCA-PF), indicando l&#8217;Universit\u00e0 di Padova come ente ospitante. Maggiori informazioni sono consultabili al [&hellip;]","protected":false},"author":4,"featured_media":0,"parent":99,"menu_order":0,"comment_status":"closed","ping_status":"closed","template":"","meta":{"footnotes":""},"class_list":["post-3782","page","type-page","status-publish","hentry"],"_links":{"self":[{"href":"https:\/\/ambminsk.esteri.it\/it\/wp-json\/wp\/v2\/pages\/3782","targetHints":{"allow":["GET"]}}],"collection":[{"href":"https:\/\/ambminsk.esteri.it\/it\/wp-json\/wp\/v2\/pages"}],"about":[{"href":"https:\/\/ambminsk.esteri.it\/it\/wp-json\/wp\/v2\/types\/page"}],"author":[{"embeddable":true,"href":"https:\/\/ambminsk.esteri.it\/it\/wp-json\/wp\/v2\/users\/4"}],"replies":[{"embeddable":true,"href":"https:\/\/ambminsk.esteri.it\/it\/wp-json\/wp\/v2\/comments?post=3782"}],"version-history":[{"count":1,"href":"https:\/\/ambminsk.esteri.it\/it\/wp-json\/wp\/v2\/pages\/3782\/revisions"}],"predecessor-version":[{"id":3783,"href":"https:\/\/ambminsk.esteri.it\/it\/wp-json\/wp\/v2\/pages\/3782\/revisions\/3783"}],"up":[{"embeddable":true,"href":"https:\/\/ambminsk.esteri.it\/it\/wp-json\/wp\/v2\/pages\/99"}],"wp:attachment":[{"href":"https:\/\/ambminsk.esteri.it\/it\/wp-json\/wp\/v2\/media?parent=3782"}],"curies":[{"name":"wp","href":"https:\/\/api.w.org\/{rel}","templated":true}]}}