{"id":3468,"date":"2025-12-03T11:04:39","date_gmt":"2025-12-03T08:04:39","guid":{"rendered":"https:\/\/ambminsk.esteri.it\/?page_id=3468"},"modified":"2026-02-24T09:29:44","modified_gmt":"2026-02-24T06:29:44","slug":"universita-ca-foscari-offerta-formativa-per-studiare-a-venezia","status":"publish","type":"page","link":"https:\/\/ambminsk.esteri.it\/it\/italia-e-bielorussia\/diplomazia-culturale\/studiare-in-italia\/universita-ca-foscari-offerta-formativa-per-studiare-a-venezia\/","title":{"rendered":"UNIVERSITA\u2019 CA\u2019 FOSCARI \u2013 OFFERTA FORMATIVA PER STUDIARE A VENEZIA"},"content":{"rendered":"<p>Fondata nel 1868, l\u2019Universit\u00e0 Ca\u2019 Foscari Venezia \u00e8 una moderna universit\u00e0 di ricerca che conta pi\u00f9 di 23.000 studenti. Offre un\u2019ampia scelta di corsi di laurea triennale, laurea magistrale e dottorato di ricerca in ambito scientifico e umanistico, molti dei quali impartiti interamente in lingua inglese. Ca\u2019 Foscari gode di un\u2019elevata reputazione internazionale, sia per quanto riguarda l\u2019insegnamento, sia per le attivit\u00e0 di ricerca. I QS World University Rankings hanno riconosciuto la sua eccellenza in 16 materie, incluse le lingue moderne, l\u2019economia e la storia. Inoltre, Ca\u2019 Foscari \u00e8 un polo di attrazione per giovani ricercatori di talento. L\u2019universit\u00e0 ha sviluppato un carattere marcatamente internazionale e coltiva con impegno le sue interconnessioni con il mondo. A Ca\u2019 Foscari si insegnano oltre 40 lingue straniere e pi\u00f9 di 1.500 studentesse e studenti partecipano ogni anno a programmi di scambio in tutto il mondo. Inoltre, l\u2019universit\u00e0 offre pi\u00f9 di 50 combinazioni differenti di programmi congiunti (joint\/double degrees) che prevedono l\u2019ottenimento di un titolo doppio o congiunto, e ha costruito una rete di pi\u00f9 di 500 universit\u00e0 partner. Maggiori informazioni sono reperibili <a href=\"https:\/\/www.unive.it\/pag\/fileadmin\/user_upload\/inglese\/international\/doc\/degree-seeking\/CaFoscari_ProgrammeGuide_ITA.pdf\">qui<\/a>.<\/p>\n<p>Per l\u2019anno accademico 2026-2027, l\u2019universit\u00e0 ha stanziato un pacchetto di <strong>borse di studio<\/strong> basate esclusivamente sul merito, denominate <em>Ca&#8217; Foscari Honours Scholarships<\/em>, rivolte a <strong>studenti internazionali d&#8217;eccellenza<\/strong> che intendano immatricolarsi a corsi di laurea triennale o magistrale (sia in lingua italiana che inglese). In particolare, l&#8217;offerta prevede:<\/p>\n<ul>\n<li>8 borse di studio per studentesse e studenti di laurea triennale da 10.000 Euro l&#8217;anno per la durata di tre anni;<\/li>\n<li>20 borse di studio per studentesse e studenti di laurea magistrale da 10.000 Euro l&#8217;anno per la durata di due anni.<\/li>\n<\/ul>\n<p>Tutte le informazioni dettagliate e il bando ufficiale, oltre alla descrizione dell&#8217;iniziativa in lingua inglese, sono disponibili alla pagina: <a href=\"https:\/\/www.unive.it\/pag\/19545\">https:\/\/www.unive.it\/pag\/19545<\/a>.<\/p>\n","protected":false},"excerpt":{"rendered":"Fondata nel 1868, l\u2019Universit\u00e0 Ca\u2019 Foscari Venezia \u00e8 una moderna universit\u00e0 di ricerca che conta pi\u00f9 di 23.000 studenti. Offre un\u2019ampia scelta di corsi di laurea triennale, laurea magistrale e dottorato di ricerca in ambito scientifico e umanistico, molti dei quali impartiti interamente in lingua inglese. Ca\u2019 Foscari gode di un\u2019elevata reputazione internazionale, sia per [&hellip;]","protected":false},"author":4,"featured_media":0,"parent":99,"menu_order":0,"comment_status":"closed","ping_status":"closed","template":"","meta":{"footnotes":""},"class_list":["post-3468","page","type-page","status-publish","hentry"],"_links":{"self":[{"href":"https:\/\/ambminsk.esteri.it\/it\/wp-json\/wp\/v2\/pages\/3468","targetHints":{"allow":["GET"]}}],"collection":[{"href":"https:\/\/ambminsk.esteri.it\/it\/wp-json\/wp\/v2\/pages"}],"about":[{"href":"https:\/\/ambminsk.esteri.it\/it\/wp-json\/wp\/v2\/types\/page"}],"author":[{"embeddable":true,"href":"https:\/\/ambminsk.esteri.it\/it\/wp-json\/wp\/v2\/users\/4"}],"replies":[{"embeddable":true,"href":"https:\/\/ambminsk.esteri.it\/it\/wp-json\/wp\/v2\/comments?post=3468"}],"version-history":[{"count":2,"href":"https:\/\/ambminsk.esteri.it\/it\/wp-json\/wp\/v2\/pages\/3468\/revisions"}],"predecessor-version":[{"id":3799,"href":"https:\/\/ambminsk.esteri.it\/it\/wp-json\/wp\/v2\/pages\/3468\/revisions\/3799"}],"up":[{"embeddable":true,"href":"https:\/\/ambminsk.esteri.it\/it\/wp-json\/wp\/v2\/pages\/99"}],"wp:attachment":[{"href":"https:\/\/ambminsk.esteri.it\/it\/wp-json\/wp\/v2\/media?parent=3468"}],"curies":[{"name":"wp","href":"https:\/\/api.w.org\/{rel}","templated":true}]}}