{"id":313,"date":"2023-07-26T16:47:35","date_gmt":"2023-07-26T13:47:35","guid":{"rendered":"https:\/\/ambminsk.esteri.it\/?page_id=313"},"modified":"2025-12-23T16:36:51","modified_gmt":"2025-12-23T13:36:51","slug":"ingresso-e-soggiorno-in-bielorussia","status":"publish","type":"page","link":"https:\/\/ambminsk.esteri.it\/it\/news\/dall_ambasciata\/ingresso-e-soggiorno-in-bielorussia\/","title":{"rendered":"Ingresso e soggiorno in Bielorussia"},"content":{"rendered":"<p>Fino al 31 dicembre 2026 \u00e8 in vigore l\u2019esenzione temporanea dall\u2019obbligo di visto di ingresso e di permanenza, fino a 30 giorni, a favore dei cittadini italiani (e di altri Paesi europei), che si rechino in Bielorussia, per via terrestre o aerea. La permanenza sul territorio bielorusso non potr\u00e0 superare i 90 giorni nell&#8217;anno solare.<\/p>\n<p>In tutti gli altri casi il visto di ingresso \u00e8 necessario, da richiedersi presso l\u2019Ambasciata della Repubblica di Belarus a Roma (<a href=\"http:\/\/italy.mfa.gov.by\/it\/\">http:\/\/italy.mfa.gov.by\/it\/<\/a>).<\/p>\n<p><strong>IMPORTANTE:<\/strong>\u00a0per SOGGIORNI SUPERIORI A 10 GIORNI consecutivi esiste l\u2019OBBLIGO DI REGISTRAZIONE dello straniero presso l\u2019ufficio immigrazione territorialmente competente. Se il viaggiatore soggiorna in un hotel o analoga struttura di accoglienza la registrazione sar\u00e0 effettuata a cura della struttura stessa. In caso di soggiorni privati, sar\u00e0 il cittadino straniero a doversi presentare direttamente presso i competenti uffici immigrazione. \u00c8 possibile effettuare la registrazione\u00a0<em>online<\/em>\u00a0seguendo le indicazioni presenti a\u00a0<a href=\"https:\/\/mfa.gov.by\/en\/visa\/registration\/\">questa<\/a>\u00a0pagina. Le sanzioni, in caso di mancata osservanza dell\u2019obbligo di registrazione, vanno dall\u2019ammonimento scritto alla sanzione amministrativa pecuniaria fino all\u2019espulsione dal Paese, che pu\u00f2 essere disposta a discrezione del funzionario di polizia da 1 fino a 10 anni.<\/p>\n<p><strong>Per ulteriori informazioni sull\u2019ingresso e sul soggiorno in Bielorussia si consiglia di consultare il sito\u00a0<a href=\"http:\/\/www.viaggiaresicuri.it\/\">\u201cViaggiare Sicuri\u201d\u00a0<\/a>.<\/strong><\/p>\n<p>Si segnala che il transito tra Paesi UE e Bielorussia \u00e8 attualmente limitato e molti varchi di frontiera sono stati chiusi.<\/p>\n<p>Per raggiungere la Bielorussia, \u00e8 possibile transitare attraverso le seguenti frontiere via terra (solo su autovetture o autobus):<\/p>\n<ul>\n<li>bielorusso-lituana: Kamenny Log-Medininkai e Benyakoni-\u0160al\u010dininkai<\/li>\n<li>bielorusso-polacca: Brest-Terespol, Bruzgi-Ku\u017anica Bia\u0142ostocka e Berestovica-Bobrowniki<\/li>\n<li>bielorusso-lettone: Grigorocshina-P\u0101ternieki<\/li>\n<\/ul>\n<p>Autovetture e autobus sono soggetti a specifiche limitazioni (in base a targa e altri elementi), nei singoli passaggi. Per informazioni dettagliate \u00e8 necessario consultare i siti delle autorit\u00e0 polacche, lituane e lettoni rispettivamente. La parte bielorussa non pone vincoli ai transiti di autovetture o autobus.<br \/>\nL\u2019ingresso in Bielorussia \u00e8 inoltre possibile per via aerea tramite scali in Turchia, Armenia, Azerbaijan, Georgia, Emirati Arabi Uniti o dalla Federazione Russa.<\/p>\n<p>Permangono rigidi vincoli in materia doganale (cosa si pu\u00f2 portare con s\u00e9 in entrata per e in uscita dalla Bielorussia), tanto da parte polacca, lituana e lettone, che da parte bielorussa, per i quali \u00e8 necessario consultare i rispettivi siti.<\/p>\n","protected":false},"excerpt":{"rendered":"Fino al 31 dicembre 2026 \u00e8 in vigore l\u2019esenzione temporanea dall\u2019obbligo di visto di ingresso e di permanenza, fino a 30 giorni, a favore dei cittadini italiani (e di altri Paesi europei), che si rechino in Bielorussia, per via terrestre o aerea. La permanenza sul territorio bielorusso non potr\u00e0 superare i 90 giorni nell&#8217;anno solare. [&hellip;]","protected":false},"author":4,"featured_media":0,"parent":33,"menu_order":0,"comment_status":"closed","ping_status":"closed","template":"","meta":{"footnotes":""},"class_list":["post-313","page","type-page","status-publish","hentry"],"_links":{"self":[{"href":"https:\/\/ambminsk.esteri.it\/it\/wp-json\/wp\/v2\/pages\/313","targetHints":{"allow":["GET"]}}],"collection":[{"href":"https:\/\/ambminsk.esteri.it\/it\/wp-json\/wp\/v2\/pages"}],"about":[{"href":"https:\/\/ambminsk.esteri.it\/it\/wp-json\/wp\/v2\/types\/page"}],"author":[{"embeddable":true,"href":"https:\/\/ambminsk.esteri.it\/it\/wp-json\/wp\/v2\/users\/4"}],"replies":[{"embeddable":true,"href":"https:\/\/ambminsk.esteri.it\/it\/wp-json\/wp\/v2\/comments?post=313"}],"version-history":[{"count":6,"href":"https:\/\/ambminsk.esteri.it\/it\/wp-json\/wp\/v2\/pages\/313\/revisions"}],"predecessor-version":[{"id":3571,"href":"https:\/\/ambminsk.esteri.it\/it\/wp-json\/wp\/v2\/pages\/313\/revisions\/3571"}],"up":[{"embeddable":true,"href":"https:\/\/ambminsk.esteri.it\/it\/wp-json\/wp\/v2\/pages\/33"}],"wp:attachment":[{"href":"https:\/\/ambminsk.esteri.it\/it\/wp-json\/wp\/v2\/media?parent=313"}],"curies":[{"name":"wp","href":"https:\/\/api.w.org\/{rel}","templated":true}]}}