{"id":2622,"date":"2025-02-28T18:27:37","date_gmt":"2025-02-28T15:27:37","guid":{"rendered":"https:\/\/ambminsk.esteri.it\/?page_id=2622"},"modified":"2025-12-16T17:06:17","modified_gmt":"2025-12-16T14:06:17","slug":"sposarsi-in-bielorussia","status":"publish","type":"page","link":"https:\/\/ambminsk.esteri.it\/it\/servizi-consolari-e-visti\/servizi-per-il-cittadino-italiano\/stato-civile\/sposarsi-in-bielorussia\/","title":{"rendered":"Sposarsi in Bielorussia"},"content":{"rendered":"<p>Per contrarre matrimonio davanti alle Autorit\u00e0 bielorusse, il cittadino italiano \u00e8 tenuto a presentare loro il Nulla Osta al Matrimonio rilasciato da questa Ambasciata. Il Nulla osta \u00e8 da richiedere con l&#8217;apposito modulo di richiesta dell&#8217;attestazione di assenza degli impedimenti per contrarre matrimonio all&#8217;estero (v. <a href=\"https:\/\/ambminsk.esteri.it\/wp-content\/uploads\/2025\/02\/Modulo-richiesta-del-Nulla-Osta-al-matrimonio.doc\">allegato<\/a>).<\/p>\n<p>Si chiede di riempire il modulo, firmarlo, datarlo, allegare copia del passaporto (nonch\u00e9 il certificato di stato civile rilasciato dal proprio Comune di residenza \u2013 ove disponibile) e inviarlo all&#8217;Ufficio consolare all&#8217;indirizzo <a href=\"mailto:uffconsolare.minsk@esteri.it\">uffconsolare.minsk@esteri.it<\/a>\u00a0e <a href=\"mailto:minsk.segrconsolare@esteri.it\">minsk.segrconsolare@esteri.it<\/a>.<\/p>\n<p>Non appena il Comune di residenza conferma lo stato libero del richiedente, l&#8217;Ambasciata procede al rilascio della &#8220;nulla osta&#8221;.<\/p>\n<p>A seguire, l&#8217;utente dovr\u00e0 fissare un appuntamento in Ambasciata con il sistema <a href=\"https:\/\/prenotami.esteri.it\/\">Prenot@mi<\/a> per ritirare il documento. Il documento pu\u00f2 essere ritirato da una terza persona appositamente delegata. Il giorno dell\u2019appuntamento il richiedente dovr\u00e0 presentarsi di persona in Ambasciata e pagare i diritti consolari pari a 6 euro in contanti per il rilascio del N.O.<\/p>\n<p>In base al Decreto del Presidente della Repubblica di Belarus del 4 settembre 2023, n. 278, la procedura di richiesta e formalizzazione dei documenti legati al matrimonio <em><span style=\"text-decoration: underline;\">presso le competenti Autorit\u00e0 bielorusse<\/span><\/em> deve essere svolta direttamente dall&#8217;interessato oppure da una persona terza incaricata dall&#8217;interessato con delega notarile formalizzata presso un notaio bielorusso.<\/p>\n<p>Una volta celebrato, il matrimonio concluso all\u2019estero, per avere valore in Italia, dovr\u00e0 poi essere trascritto presso il Comune italiano competente.<\/p>\n<p>L\u2019atto di matrimonio in originale emesso dall\u2019Ufficio dello Stato Civile estero (ZAGS), debitamente apostillato e tradotto da un traduttore accreditato (v. <a href=\"https:\/\/ambminsk.esteri.it\/wp-content\/uploads\/2025\/12\/Traduttori-ufficiali-registrati-presso-questa-Ambasciata.docx\">allegato<\/a>), dovr\u00e0 essere rimesso, a cura degli interessati, all&#8217;Ambasciata che ne curer\u00e0 la trasmissione in Italia ai fini della trascrizione nei registri di stato civile del Comune competente, con l&#8217;apposito <a href=\"https:\/\/ambminsk.esteri.it\/wp-content\/uploads\/2025\/03\/Modulo-trascrizione-Atto-di-Matrimonio.pdf\">modulo<\/a> di richiesta di trascrizione dell&#8217;Atto di matrimonio in Italia.<\/p>\n<p>Il\/la futura coniuge bielorusso\/a dovr\u00e0 informarsi presso il compete Ufficio di stato civile bielorusso in merito alla documentazione da presentare ai fini della celebrazione del matrimonio.<\/p>\n<p>Ai cittadini stranieri \u201cdivorziati\u201d, di prassi viene richiesta l\u2019esibizione della sentenza straniera di divorzio apostillata e tradotta in russo.<\/p>\n<p>Per tutte le informazioni sulla celebrazione dei matrimoni \u00e8 possibile consultare la pagina del sito web dell&#8217;Ambasciata &#8220;<a href=\"https:\/\/ambminsk.esteri.it\/ambasciata_minsk\/it\/informazioni_e_servizi\/servizi_consolari\/stato_civile\/matrimonio.html\">Matrimonio<\/a>&#8220;.<\/p>\n<p>La modulistica necessaria \u00e8 altres\u00ec allegata nella sezione &#8220;<a href=\"https:\/\/ambminsk.esteri.it\/it\/servizi-consolari-e-visti\/servizi-per-il-cittadino-italiano\/modulistica-consolare\/\">Modulistica consolare<\/a>&#8220;.<\/p>\n","protected":false},"excerpt":{"rendered":"Per contrarre matrimonio davanti alle Autorit\u00e0 bielorusse, il cittadino italiano \u00e8 tenuto a presentare loro il Nulla Osta al Matrimonio rilasciato da questa Ambasciata. Il Nulla osta \u00e8 da richiedere con l&#8217;apposito modulo di richiesta dell&#8217;attestazione di assenza degli impedimenti per contrarre matrimonio all&#8217;estero (v. allegato). Si chiede di riempire il modulo, firmarlo, datarlo, allegare [&hellip;]","protected":false},"author":5,"featured_media":0,"parent":68,"menu_order":0,"comment_status":"closed","ping_status":"closed","template":"","meta":{"footnotes":""},"class_list":["post-2622","page","type-page","status-publish","hentry"],"_links":{"self":[{"href":"https:\/\/ambminsk.esteri.it\/it\/wp-json\/wp\/v2\/pages\/2622","targetHints":{"allow":["GET"]}}],"collection":[{"href":"https:\/\/ambminsk.esteri.it\/it\/wp-json\/wp\/v2\/pages"}],"about":[{"href":"https:\/\/ambminsk.esteri.it\/it\/wp-json\/wp\/v2\/types\/page"}],"author":[{"embeddable":true,"href":"https:\/\/ambminsk.esteri.it\/it\/wp-json\/wp\/v2\/users\/5"}],"replies":[{"embeddable":true,"href":"https:\/\/ambminsk.esteri.it\/it\/wp-json\/wp\/v2\/comments?post=2622"}],"version-history":[{"count":5,"href":"https:\/\/ambminsk.esteri.it\/it\/wp-json\/wp\/v2\/pages\/2622\/revisions"}],"predecessor-version":[{"id":3520,"href":"https:\/\/ambminsk.esteri.it\/it\/wp-json\/wp\/v2\/pages\/2622\/revisions\/3520"}],"up":[{"embeddable":true,"href":"https:\/\/ambminsk.esteri.it\/it\/wp-json\/wp\/v2\/pages\/68"}],"wp:attachment":[{"href":"https:\/\/ambminsk.esteri.it\/it\/wp-json\/wp\/v2\/media?parent=2622"}],"curies":[{"name":"wp","href":"https:\/\/api.w.org\/{rel}","templated":true}]}}