{"id":2588,"date":"2025-02-26T14:57:53","date_gmt":"2025-02-26T11:57:53","guid":{"rendered":"https:\/\/ambminsk.esteri.it\/?page_id=2588"},"modified":"2025-12-30T16:01:38","modified_gmt":"2025-12-30T13:01:38","slug":"carta-didentita-elettronica-cie","status":"publish","type":"page","link":"https:\/\/ambminsk.esteri.it\/it\/servizi-consolari-e-visti\/servizi-per-il-cittadino-italiano\/carta-didentita-elettronica-cie\/","title":{"rendered":"Carta d\u2019Identit\u00e0 Elettronica \u2013 CIE"},"content":{"rendered":"<p>La nuova Carta di identit\u00e0 Elettronica (CIE) \u00e8 un documento multifunzionale: attesta l\u2019identit\u00e0 del cittadino, \u00e8 un documento di viaggio, riporta il codice fiscale e si pu\u00f2 utilizzare per richiedere un\u2019identit\u00e0 sul sistema SPID (Sistema Pubblico di Identit\u00e0 Digitale) con cui accedere ai Servizi erogati dalle Pubbliche Amministrazioni Italiane.<\/p>\n<p>La CIE si pu\u00f2 richiedere, previo appuntamento, tramite la piattaforma <a href=\"https:\/\/prenotami.esteri.it\/\">Prenot@mi.<\/a><\/p>\n<p>La Carta di identit\u00e0 Elettronica potr\u00e0 essere rilasciata esclusivamente ai <strong>cittadini italiani regolarmente residenti <\/strong>all&#8217;AIRE in Bielorussia, che siano <strong>gi\u00e0 registrati nello schedario consolare <\/strong>e i cui dati anagrafici siano gi\u00e0 presenti nella banca dati AIRE (Anagrafe degli Italiani Residenti all\u2019Estero).<\/p>\n<p><strong>ATTENZIONE:<\/strong>\u00a0In Bielorussia, la carta d\u2019identit\u00e0 elettronica non equivale al passaporto ai fini dell\u2019espatrio. Al riguardo, per ulteriori e pi\u00f9 dettagliate informazioni, \u00e8 possibile consultare il sito\u00a0<a href=\"https:\/\/www.viaggiaresicuri.it\/approfondimenti-insights\/documentidiviaggio\">https:\/\/www.viaggiaresicuri.it\/approfondimenti-insights\/documentidiviaggio<\/a><\/p>\n<p>&nbsp;<\/p>\n<p><strong>REQUISITI OBBLIGATORI PER RICHIEDERE LA CARTA D\u2019IDENTITA\u2019 ELETTRONICA<\/strong><\/p>\n<p>Ai fini dell\u2019emissione della CIE \u00e8 indispensabile che il richiedente:<\/p>\n<ul>\n<li>sia <strong>iscritto all\u2019AIRE<\/strong> e il suo nominativo sia stato registrato dal Comune italiano;<\/li>\n<li><strong>abbia l\u2019atto di nascita trascritto in Italia<\/strong>, in quanto gli estremi della trascrizione devono essere riportati sulla CIE;<\/li>\n<li>abbia il Codice Fiscale validato da parte dell\u2019Agenzia delle Entrate e dal comune italiano di riferimento. Per chi non \u00e8 in possesso del Codice fiscale sar\u00e0 cura di questa Ambasciata richiederlo d\u2019ufficio;<\/li>\n<li>abbia <strong>aggiornato la sua posizione negli schedari consolari<\/strong> nel caso di cambio d\u2019indirizzo, variazione dello stato civile o nascita di figli.<\/li>\n<\/ul>\n<p><strong>VALIDITA\u2019 DELLA CARTA D\u2019IDENTITA\u2019 ELETTRONICA<\/strong><\/p>\n<p>La validit\u00e0 della CIE varia a seconda dell\u2019et\u00e0 del titolare:<\/p>\n<p>\u2013 3 anni per minori di et\u00e0 inferiore a 3 anni;<br \/>\n\u2013 5 anni per i minori di et\u00e0 compresa tra i 3 e i 18 anni;<br \/>\n\u2013 10 anni per i maggiorenni.<\/p>\n<p><strong><br \/>\nMODALITA\u2019 DI RICHIESTA DELLA CARTA D\u2019IDENTITA\u2019 ELETTRONICA<\/strong><\/p>\n<p>Per richiedere il rilascio della carta d\u2019identit\u00e0 elettronica \u00e8 necessario prenotare un appuntamento utilizzando la piattaforma\u00a0<a href=\"https:\/\/prenotami.esteri.it\/\">Prenot@mi<\/a>.<\/p>\n<p><strong>Prima di accedere al calendario del servizio CIE e scegliere la prima data utile, \u00e8 necessario compilare i campi obbligatori (contrassegnati con *) del formulario proposto dal sistema.<\/strong><\/p>\n<p>Si prega di inserire i DATI RELATIVI ALL\u2019INTESTATARIO del documento richiesto, se diversi dall\u2019utente\u00a0registrato.<\/p>\n<p><strong>Per le donne coniugate<\/strong>:\u00a0<strong>inserire le generalit\u00e0 anagrafiche da nubile. Sulla Carta d\u2019identit\u00e0 elettronica non \u00e8 indicato lo stato civile del titolare e, per le donne coniugate, NON pu\u00f2 essere indicato il nome del coniuge.<\/strong><\/p>\n<p>Dal momento della richiesta alla data fissata per l\u2019appuntamento trascorrono\u00a0<strong>almeno 15 giorni<\/strong>, necessari per consentire all\u2019ufficio consolare di effettuare il controllo dei dati anagrafici, risolvere eventuali disallineamenti e verificare che non sussistano cause ostative al rilascio del documento.<\/p>\n<p><strong>ATTENZIONE:<\/strong> Nel caso in cui, a seguito delle verifiche, emergessero elementi ostativi al rilascio della CIE, sar\u00e0 cura di questa Ambasciata informarne l\u2019interessato anche ai fini della cancellazione dell\u2019appuntamento.<\/p>\n<p>La presenza del richiedente e\/o del titolare della carta richiesta \u00e8 obbligatoria.<\/p>\n<p>Il giorno dell\u2019appuntamento in Ambasciata saranno acquisiti i dati biometrici e verr\u00e0 validato il dossier.<\/p>\n<p>&nbsp;<\/p>\n<p><strong>DOCUMENTAZIONE RICHIESTA PER IL RILASCIO DELLA CARTA D\u2019IDENTITA\u2019 ELETTRONICA<\/strong><\/p>\n<p>Il giorno dell\u2019appuntamento \u00e8 necessario esibire allo sportello consolare la seguente documentazione:<\/p>\n<ul>\n<li>Una fototessera a norma biometrica formato ICAO;<\/li>\n<li>Modulo di richiesta per maggiorenne o minorenne (ved. Modelli allegati);<\/li>\n<li>Precedente carta di identit\u00e0 (anche se scaduta) e\/o passaporto (anche se scaduto);<\/li>\n<li><u>Atto di assenso<\/u> di entrambi genitori nel caso in cui il richiedente sia un minore (ved. Modelli allegati);<\/li>\n<li>Somma in contanti di\n<ul>\n<li>euro 21,95 in caso di primo rilascio CIE o rinnovo; oppure<\/li>\n<li>euro 27,11 in caso di duplicato per furto, smarrimento o deterioramento di CIE ancora in corso di validit\u00e0.<\/li>\n<\/ul>\n<\/li>\n<\/ul>\n<ul>\n<li style=\"list-style-type: none;\"><\/li>\n<\/ul>\n<p><strong>SPEDIZIONE DELLA CARTA D\u2019IDENTITA\u2019 ELETTRONICA<\/strong><\/p>\n<p>La CIE\u00a0<strong>non\u00a0<\/strong>viene\u00a0rilasciata a vista il giorno dell\u2019appuntamento ma viene prodotta dall\u2019Istituto Poligrafico e Zecca dello Stato di Roma e successivamente spedita dall\u2019Italia, a mezzo posta, presso l\u2019Ambasciata e ritirata a cura del richiedente.<\/p>\n<p>&nbsp;<\/p>\n<p>Per informazioni, siete invitati a scrivere una mail a <a href=\"mailto:minsk.segrconsolare@esteri.it\">minsk.segrconsolare@esteri.it<\/a>.<\/p>\n<p>&nbsp;<\/p>\n<p>Per informazioni generali \u00e8 possibile consultare la pagina <a href=\"https:\/\/www.esteri.it\/it\/servizi-consolari-e-visti\/italiani-all-estero\/documenti_di_viaggio\/carta_identita\/\">https:\/\/www.esteri.it\/it\/servizi-consolari-e-visti\/italiani-all-estero\/documenti_di_viaggio\/carta_identita\/<\/a> del sito del Ministero degli Affari Esteri e della Cooperazione Internazionale.<\/p>\n","protected":false},"excerpt":{"rendered":"La nuova Carta di identit\u00e0 Elettronica (CIE) \u00e8 un documento multifunzionale: attesta l\u2019identit\u00e0 del cittadino, \u00e8 un documento di viaggio, riporta il codice fiscale e si pu\u00f2 utilizzare per richiedere un\u2019identit\u00e0 sul sistema SPID (Sistema Pubblico di Identit\u00e0 Digitale) con cui accedere ai Servizi erogati dalle Pubbliche Amministrazioni Italiane. La CIE si pu\u00f2 richiedere, previo [&hellip;]","protected":false},"author":4,"featured_media":0,"parent":47,"menu_order":1,"comment_status":"closed","ping_status":"closed","template":"","meta":{"footnotes":""},"class_list":["post-2588","page","type-page","status-publish","hentry"],"_links":{"self":[{"href":"https:\/\/ambminsk.esteri.it\/it\/wp-json\/wp\/v2\/pages\/2588","targetHints":{"allow":["GET"]}}],"collection":[{"href":"https:\/\/ambminsk.esteri.it\/it\/wp-json\/wp\/v2\/pages"}],"about":[{"href":"https:\/\/ambminsk.esteri.it\/it\/wp-json\/wp\/v2\/types\/page"}],"author":[{"embeddable":true,"href":"https:\/\/ambminsk.esteri.it\/it\/wp-json\/wp\/v2\/users\/4"}],"replies":[{"embeddable":true,"href":"https:\/\/ambminsk.esteri.it\/it\/wp-json\/wp\/v2\/comments?post=2588"}],"version-history":[{"count":3,"href":"https:\/\/ambminsk.esteri.it\/it\/wp-json\/wp\/v2\/pages\/2588\/revisions"}],"predecessor-version":[{"id":3601,"href":"https:\/\/ambminsk.esteri.it\/it\/wp-json\/wp\/v2\/pages\/2588\/revisions\/3601"}],"up":[{"embeddable":true,"href":"https:\/\/ambminsk.esteri.it\/it\/wp-json\/wp\/v2\/pages\/47"}],"wp:attachment":[{"href":"https:\/\/ambminsk.esteri.it\/it\/wp-json\/wp\/v2\/media?parent=2588"}],"curies":[{"name":"wp","href":"https:\/\/api.w.org\/{rel}","templated":true}]}}