{"id":1703,"date":"2024-01-29T12:18:50","date_gmt":"2024-01-29T09:18:50","guid":{"rendered":"https:\/\/ambminsk.esteri.it\/?page_id=1703"},"modified":"2025-03-03T11:33:33","modified_gmt":"2025-03-03T08:33:33","slug":"modulistica-consolare","status":"publish","type":"page","link":"https:\/\/ambminsk.esteri.it\/it\/servizi-consolari-e-visti\/servizi-per-il-cittadino-italiano\/modulistica-consolare\/","title":{"rendered":"Modulistica consolare"},"content":{"rendered":"<div><strong>MODULI RELATIVI AI SERVIZI CONSOLARI<\/strong><\/div>\n<div>\n<p>In relazione a tutti i moduli di seguito elencati si rammenta che ai fini della necessaria certezza delle situazioni giuridiche \u00e8 previsto che ad ogni richiesta sia allegata la fotocopia di un documento di identit\u00e0 (italiano o dell&#8217;Unione Europea) in corso di validit\u00e0 o, se scaduto, con l&#8217;annotazione a margine della sua invarianza da parte dell&#8217;interessato.<\/p>\n<p><strong>ANAGRAFE<\/strong><\/p>\n<p>In aggiunta alle informazioni in tema di Anagrafe reperibili nella pagina dedicata di questo sito (che si invita a leggere attentamente), si segnala ai connazionali che desiderino regolarizzare la loro posizione anagrafica che, ai fini dell&#8217;iscrizione nell&#8217;anagrafe consolare in quanto residenti all&#8217;estero, potranno presentare tale richiesta di iscrizione anche via postale, con richiesta accompagnata da fotocopia del passaporto o carta di identit\u00e0 italiana (o altro documento di identit\u00e0 di un Paese UE) nonch\u00e9 da una fotocopia autenticata del documento bielorusso attestante la residenza in Belarus.<\/p>\n<p><a title=\"iscrizione anagrafe consolare\" href=\"https:\/\/ambminsk.esteri.it\/wp-content\/uploads\/2023\/08\/13558_f_amb61Iscrizioneanagrafeconsolare.doc\">* Richiesta di iscrizione all&#8217;anagrafe consolare<\/a><\/p>\n<p><a title=\"aggiornamento dati anagrafe\" href=\"https:\/\/ambminsk.esteri.it\/wp-content\/uploads\/2023\/08\/13559_f_amb61cambioINDIRIZZO.doc\">* Aggiornamento dati anagrafe (cambio di domicilio, trasferimento, rimpatrio)<\/a><\/p>\n<p><a title=\"richiesta iscrizione AIRE\" href=\"https:\/\/ambminsk.esteri.it\/wp-content\/uploads\/2023\/08\/13565_f_amb61IscrizioneAIRE.doc\">* Richiesta iscrizione AIRE di Comune italiano<\/a><\/p>\n<p><strong>CERTIFICATI<\/strong><\/p>\n<p><a title=\"richiesta certificato cittadinanza\" href=\"https:\/\/ambminsk.esteri.it\/wp-content\/uploads\/2023\/08\/13564_f_amb61Richiestacertificatodicittadinanza.doc\">* Richiesta certificato di cittadinanza<\/a><\/p>\n<p><a title=\"richiesta certificato residenza\" href=\"https:\/\/ambminsk.esteri.it\/wp-content\/uploads\/2023\/08\/13567_f_amb61Richiestacertificatodiresidenza.doc\">* Richiesta certificato di residenza<\/a><\/p>\n<p><a title=\"richiesta certificato stato di famiglia\" href=\"https:\/\/ambminsk.esteri.it\/wp-content\/uploads\/2023\/08\/13568_f_amb61Richiestacertificatodistatodifamiglia.doc\">* Richiesta certificato di stato di famiglia<\/a><\/p>\n<p><strong>STATO CIVILE<\/strong><\/p>\n<p><a href=\"https:\/\/ambminsk.esteri.it\/wp-content\/uploads\/2023\/08\/richiesta_trascrizione_atto_di_nascita.doc\">* Richiesta trascrizione in Italia di atto di nascita<\/a><\/p>\n<p><a href=\"https:\/\/ambminsk.esteri.it\/wp-content\/uploads\/2023\/08\/95702_f_amb61Modulorichiestatrascrizioneattodimatrimonio.doc\">* Richiesta trascrizione in Italia di atto di matrimonio<\/a><a title=\"richiesta trascrizione atto matrimonio\" href=\"https:\/\/ambminsk.esteri.it\/resource\/2007\/04\/13657_f_amb61Modulorichiestatrascrizionecertificatodimatrimonio.doc\"><br \/>\n<\/a><br \/>\n*<a title=\"richiesta trascrizione atto di morte\" href=\"https:\/\/ambminsk.esteri.it\/wp-content\/uploads\/2023\/08\/13662_f_amb61Modulorichiestatrascrizionecertificatodimorte.doc\">\u00a0Richiesta trascrizione in Italia di atto di morte<\/a><\/p>\n<p><a href=\"https:\/\/ambminsk.esteri.it\/wp-content\/uploads\/2025\/03\/Modulo-richiesta-trascrizione-sentenza-divorzio-con-autocertificazione-AMBMINS.docx\">* Richiesta trascrizione di sentenza di divorzio<\/a><\/p>\n<p><strong>ASSISTENZA<\/strong><\/p>\n<p><a title=\"richiesta assistenza diretta\" href=\"https:\/\/ambminsk.esteri.it\/wp-content\/uploads\/2023\/08\/13664_f_amb61Modulorichiestadiassistenza.doc\">* Richiesta di assistenza diretta<\/a><\/p>\n<p><strong>CODICE FISCALE<\/strong><\/p>\n<p><a href=\"https:\/\/ambminsk.esteri.it\/wp-content\/uploads\/2023\/08\/\u0421odice-fiscale.pdf\">* Domanda di attribuzione codice fiscale<\/a><\/p>\n<p><strong>STUDIO<\/strong><\/p>\n<p><a title=\"richiesta documentazione studio\" href=\"https:\/\/ambminsk.esteri.it\/wp-content\/uploads\/2023\/08\/13717_f_amb61documentazionedistudio.doc\">* Richiesta documentazione studio<br \/>\n<\/a><br \/>\n<strong>NOTARILE<\/strong><\/p>\n<p><a title=\"* Delega notarile\" href=\"https:\/\/ambminsk.esteri.it\/wp-content\/uploads\/2023\/08\/62411_f_amb61Deleganotarile1.doc\">* Delega notarile<\/a><\/p>\n<\/div>\n<div><\/div>\n<div><strong>MODELLI INFORMATIVA PROTEZIONE DATI PERSONALI<\/strong><\/div>\n<div><\/div>\n<div><a href=\"https:\/\/ambminsk.esteri.it\/wp-content\/uploads\/2023\/08\/protezione_dati_personali_cittadinanza_20190801_0001.pdf\">Informativa protezione dati personali relativa alla cittadinanza<\/a><\/div>\n<div><\/div>\n<div><a href=\"https:\/\/ambminsk.esteri.it\/wp-content\/uploads\/2023\/08\/protezione_dati_personali_servizi_consolari_20190801_0001.pdf\">Informativa protezione dati personali relativa ai servizi consolari (in lingua italiana)<\/a><\/div>\n<div><\/div>\n<div><a href=\"https:\/\/ambminsk.esteri.it\/wp-content\/uploads\/2023\/08\/protez._dati_servizi_consolari_in_russo_20190802_0001.pdf\">Informativa protezione dati personali relativa ai servizi consolari (in lingua russa)<\/a><\/div>\n<div><\/div>\n<p>&nbsp;<\/p>\n<div><strong>VIAGGI DI MINORI NON ACCOMPAGNATI<\/strong><\/div>\n<div>\n<p><a href=\"https:\/\/ambminsk.esteri.it\/wp-content\/uploads\/2023\/08\/attestazione_di_dichiarazione_accompagnamento_12.03.doc\">Attestazione di dichiarazione accompagnamento minori<\/a><\/p>\n<p><a href=\"https:\/\/ambminsk.esteri.it\/wp-content\/uploads\/2023\/08\/dichiarazione_accompagnamento_12.03.doc\">Dichiarazione di accompagnamento minori<\/a><\/p>\n<p><strong>3. ATTESTAZIONE DI ASSENZA DI IMPEDIMENTI PER CONTRARRE MATRIMONIO<\/strong><\/p>\n<p>Nella Repubblica di Belarus le Autorit\u00e0 locali presso cui deve essere celebrato il matrimonio richiedono un\u2019attestazione di assenza di impedimenti per contrarre matrimonio.<br \/>\nLa richiesta dell\u2019attestazione di assenza di impedimenti per contrarre matrimonio di cui sopra dovete presentarla alla Rappresentanza diplomatico-consolare italiana nella cui circoscrizione territoriale intendete contrarre matrimonio, compilando una dichiarazione sostitutiva nella quale dovranno essere indicati tutti gli elementi indispensabili per il reperimento delle informazioni o dei dati richiesti.<br \/>\nLa Rappresentanza potr\u00e0 rilasciare il documento richiesto solo sulla base del positivo esito degli accertamenti, acquisiti d\u2019ufficio i documenti previsti dalla legge e quelli ritenuti necessari per provare l\u2019inesistenza di impedimenti.<\/p>\n<p><a title=\"* Richiesta di certificato di nulla osta alla celebrazione del matrimonio\" href=\"https:\/\/ambminsk.esteri.it\/wp-content\/uploads\/2023\/08\/62410_f_amb61STATOCIVILEDichSostMatrimonio-1.doc\">* Richiesta di attestazione di assenza di impedimenti per contrarre matrimonio<\/a><\/p>\n<p>Per ulteriori informazioni si invita a consultare l&#8217;apposita sezione del sito del Ministero degli Affari Esteri all&#8217;indirizzo:<br \/>\n<a href=\"https:\/\/www.esteri.it\/it\/servizi-consolari-e-visti\/italiani-all-estero\/stato-civile\/matrimonio_0\/\">https:\/\/www.esteri.it\/it\/servizi-consolari-e-visti\/italiani-all-estero\/stato-civile\/matrimonio<\/a><\/p>\n<p>Elenco degli studi legali con conoscenze della lingua Italiana &#8211; Inglese &#8211; Russa:\u00a0<a href=\"https:\/\/ambminsk.esteri.it\/wp-content\/uploads\/2023\/08\/elenco_studi_legali_2022-2.docx\">Cliccare qui<\/a><\/p>\n<\/div>\n","protected":false},"excerpt":{"rendered":"MODULI RELATIVI AI SERVIZI CONSOLARI In relazione a tutti i moduli di seguito elencati si rammenta che ai fini della necessaria certezza delle situazioni giuridiche \u00e8 previsto che ad ogni richiesta sia allegata la fotocopia di un documento di identit\u00e0 (italiano o dell&#8217;Unione Europea) in corso di validit\u00e0 o, se scaduto, con l&#8217;annotazione a margine [&hellip;]","protected":false},"author":4,"featured_media":0,"parent":47,"menu_order":0,"comment_status":"closed","ping_status":"closed","template":"","meta":{"footnotes":""},"class_list":["post-1703","page","type-page","status-publish","hentry"],"_links":{"self":[{"href":"https:\/\/ambminsk.esteri.it\/it\/wp-json\/wp\/v2\/pages\/1703","targetHints":{"allow":["GET"]}}],"collection":[{"href":"https:\/\/ambminsk.esteri.it\/it\/wp-json\/wp\/v2\/pages"}],"about":[{"href":"https:\/\/ambminsk.esteri.it\/it\/wp-json\/wp\/v2\/types\/page"}],"author":[{"embeddable":true,"href":"https:\/\/ambminsk.esteri.it\/it\/wp-json\/wp\/v2\/users\/4"}],"replies":[{"embeddable":true,"href":"https:\/\/ambminsk.esteri.it\/it\/wp-json\/wp\/v2\/comments?post=1703"}],"version-history":[{"count":3,"href":"https:\/\/ambminsk.esteri.it\/it\/wp-json\/wp\/v2\/pages\/1703\/revisions"}],"predecessor-version":[{"id":2641,"href":"https:\/\/ambminsk.esteri.it\/it\/wp-json\/wp\/v2\/pages\/1703\/revisions\/2641"}],"up":[{"embeddable":true,"href":"https:\/\/ambminsk.esteri.it\/it\/wp-json\/wp\/v2\/pages\/47"}],"wp:attachment":[{"href":"https:\/\/ambminsk.esteri.it\/it\/wp-json\/wp\/v2\/media?parent=1703"}],"curies":[{"name":"wp","href":"https:\/\/api.w.org\/{rel}","templated":true}]}}