{"id":130,"date":"2023-07-06T15:55:40","date_gmt":"2023-07-06T13:55:40","guid":{"rendered":"https:\/\/ambminsk.esteri.it\/?page_id=130"},"modified":"2026-01-08T15:17:31","modified_gmt":"2026-01-08T12:17:31","slug":"contatti","status":"publish","type":"page","link":"https:\/\/ambminsk.esteri.it\/it\/chi-siamo\/contatti\/","title":{"rendered":"Contatti"},"content":{"rendered":"<div class=\"row\">\n<div class=\"col-md-6 col-sm-12 col-xs-24\"><strong>AMBASCIATA D\u2019ITALIA A MINSK<\/strong><\/div>\n<\/div>\n<div>\n<p>Ulitza Rakovskaya, 16b<br \/>\n220004 Minsk (Belarus)<br \/>\nTel. +375-17-202-17-23<br \/>\nTel.+375-17-202-17-06<\/p>\n<p>&nbsp;<\/p>\n<p><span style=\"text-decoration: underline;\"><strong>CAPO MISSIONE <\/strong><\/span>Incaricato d&#8217;Affari <strong>Tomaso Pietro Marchegiani<\/strong><\/p>\n<p><span style=\"text-decoration: underline;\"><strong>VICARIO CAPO MISSIONE<\/strong><\/span>\u00a0Dott.ssa\u00a0<strong>Virginia Fadelli\u00a0<\/strong><\/p>\n<p>&nbsp;<\/p>\n<p><span style=\"text-decoration: underline;\"><strong>UFFICIO VISTI<\/strong><\/span><\/p>\n<p><strong>CAPO DELLA CANCELLERIA CONSOLARE:\u00a0<\/strong>Dott.ssa\u00a0\u00a0<strong>Virginia Fadelli<\/strong><\/p>\n<p><strong>VICE CAPO DELLA CANCELLERIA CONSOLARE:<\/strong>\u00a0Dott.\u00a0<strong>Kristian Podorieszach<\/strong><\/p>\n<p><strong>CANCELLIERE AMMINISTRATIVO: <\/strong>Dott. <strong>Pierfrancesco Laghi<\/strong><\/p>\n<p>E-mail VISTI: <strong><u><a href=\"mailto:minsk.ufficiovisti@esteri.it\">minsk.ufficiovisti@esteri.it<\/a><\/u><\/strong><\/p>\n<p>Per VISTI AFFARI: <strong><a href=\"mailto:segrcomm.minsk@esteri.it\">segrcomm.minsk@esteri.it<\/a><\/strong><\/p>\n<p style=\"text-align: justify;\">Il Servizio Visti \u00e8 aperto al pubblico dal luned\u00ec al venerd\u00ec dalle ore 09:00 alle ore 12:00.<\/p>\n<p style=\"text-align: justify;\">La consegna dei visti di ingresso avviene dal luned\u00ec al venerd\u00ec dalle ore 12:30 alle ore 13:00.<\/p>\n<p style=\"text-align: justify;\">Il ricevimento del pubblico per la presentazione delle domande di visto avviene tramite appuntamento. Per maggiori informazioni consultare la pagina\u00a0<a href=\"https:\/\/ambminsk.esteri.it\/it\/servizi-consolari-e-visti\/servizi-per-il-cittadino-italiano\/prenotazione-visti-e-servizi-consolari\/\">Prenotazione visti e servizi consolari<\/a><\/p>\n<p>&nbsp;<\/p>\n<p><span style=\"text-decoration: underline;\"><strong>CANCELLERIA CONSOLARE<\/strong><\/span><\/p>\n<p><strong>CAPO DELLA CANCELLERIA CONSOLARE:\u00a0<\/strong>Dott.ssa\u00a0\u00a0<strong>Virginia Fadelli<\/strong><\/p>\n<p><strong>VICE CAPO DELLA CANCELLERIA CONSOLARE:<\/strong>\u00a0Dott.\u00a0<strong>Kristian Podorieszach<\/strong><\/p>\n<p>Email:\u00a0<strong><a href=\"mailto:minsk.segrconsolare@esteri.it\">minsk.segrconsolare@esteri.it<\/a><\/strong><\/p>\n<p>Indirizzo PEC per questioni consolari: <strong><a href=\"mailto:amb.minsk.consolare@cert.esteri.it\">amb.minsk.consolare@cert.esteri.it<\/a><\/strong><\/p>\n<p style=\"text-align: justify;\">Il Polisportello Consolare \u00e8 aperto al pubblico dal luned\u00ec al venerd\u00ec dalle ore 09:00 alle ore 12:00.<\/p>\n<p style=\"text-align: justify;\">La restituzione dei documenti avviene dal luned\u00ec al venerd\u00ec dalle ore 12:30 alle ore 13:00.<\/p>\n<p style=\"text-align: justify;\">Il ricevimento del pubblico avviene tramite appuntamento. Per maggiori informazioni consultare la pagina <a href=\"https:\/\/ambminsk.esteri.it\/it\/servizi-consolari-e-visti\/servizi-per-il-cittadino-italiano\/prenotazione-visti-e-servizi-consolari\/\">Prenotazione visti e servizi consolari<\/a><\/p>\n<p>&nbsp;<\/p>\n<p><span style=\"text-decoration: underline;\"><strong>UFFICIO ECONOMICO-COMMERCIALE<\/strong><\/span><\/p>\n<p><strong>RESPONSABILE SERVIZIO:<\/strong>\u00a0Dott.ssa\u00a0<strong>Virginia Fadelli<\/strong><\/p>\n<p>Email:\u00a0<strong><a href=\"mailto:segrcomm.minsk@esteri.it\">segrcomm.minsk@esteri.it<\/a><\/strong><\/p>\n<p>&nbsp;<\/p>\n<p><span style=\"text-decoration: underline;\"><strong>AMMINISTRAZIONE E CONTABILITA&#8217;<\/strong><\/span><\/p>\n<p><strong>RESPONSABILE PRO-TEMPORE: <\/strong><strong>Gianluca Stucchi<\/strong><\/p>\n<p>Email: <strong><a href=\"mailto:admin.minsk@esteri.it\">admin.minsk@esteri.it<\/a><\/strong><\/p>\n<p>&nbsp;<\/p>\n<p><span style=\"text-decoration: underline;\"><strong>SERVIZIO CULTURALE-STAMPA<\/strong><\/span><\/p>\n<p>Email:\u00a0<strong><a href=\"mailto:culturale.minsk@esteri.it\">culturale.minsk@esteri.it<\/a><\/strong><\/p>\n<p>&nbsp;<\/p>\n<p><span style=\"text-decoration: underline;\"><strong>UFFICIO DELL\u2019ADDETTO PER LA DIFESA<\/strong><\/span>\u00a0(residente a Mosca):<\/p>\n<p><strong>Capitano di Vascello Vittorio Parrella<\/strong>,\u00a0<strong>Addetto per la Difesa<\/strong><\/p>\n<p>Tel. +7(499)2412402<br \/>\nFax +7(499)2418351<br \/>\nEmail:\u00a0<strong><a href=\"mailto:difeitalia.mosca@smd.difesa.it\">difeitalia.mosca@smd.difesa.it<\/a><\/strong><\/p>\n<\/div>\n<p>&nbsp;<\/p>\n<p>Per informazioni riguardanti il <strong><u>SERVIZIO DI EMERGENZA<\/u><\/strong> consultare la pagina <a href=\"https:\/\/ambminsk.esteri.it\/it\/chi-siamo\/numeri-di-emergenza\/\">Numeri di emergenza<\/a>.<\/p>\n<div>\n<p>&nbsp;<\/p>\n<p><span style=\"text-decoration: underline;\"><strong>CALENDARIO DELLE FESTIVITA&#8217;<\/strong><\/span><\/p>\n<p>Nel 2026 l\u2019Ambasciata osserver\u00e0 le seguenti festivit\u00e0 italiane e bielorusse:<\/p>\n<ul>\n<li>1\u00b0 gennaio \u2013 Capodanno<\/li>\n<li>6 gennaio \u2013 Epifania<\/li>\n<li>7 gennaio &#8211; Natale Ortodosso<\/li>\n<li>6 aprile &#8211; Luned\u00ec dell&#8217;Angelo<\/li>\n<li>25 aprile &#8211; Anniversario della Liberazione<\/li>\n<li>1\u00b0 maggio &#8211; Festa del Lavoro<\/li>\n<li>9 maggio &#8211; Festa della Vittoria<\/li>\n<li>2 giugno &#8211; Festa Nazionale della Repubblica Italiana<\/li>\n<li>3 luglio &#8211; Giorno dell&#8217;Indipendenza della Repubblica di Belarus<\/li>\n<li>4 ottobre &#8211; Festa di San Francesco d&#8217;Assisi<\/li>\n<li>25 dicembre &#8211; Natale Cattolico<\/li>\n<li>26 dicembre &#8211; Santo Stefano<\/li>\n<\/ul>\n<\/div>\n","protected":false},"excerpt":{"rendered":"AMBASCIATA D\u2019ITALIA A MINSK Ulitza Rakovskaya, 16b 220004 Minsk (Belarus) Tel. +375-17-202-17-23 Tel.+375-17-202-17-06 &nbsp; CAPO MISSIONE Incaricato d&#8217;Affari Tomaso Pietro Marchegiani VICARIO CAPO MISSIONE\u00a0Dott.ssa\u00a0Virginia Fadelli\u00a0 &nbsp; UFFICIO VISTI CAPO DELLA CANCELLERIA CONSOLARE:\u00a0Dott.ssa\u00a0\u00a0Virginia Fadelli VICE CAPO DELLA CANCELLERIA CONSOLARE:\u00a0Dott.\u00a0Kristian Podorieszach CANCELLIERE AMMINISTRATIVO: Dott. Pierfrancesco Laghi E-mail VISTI: minsk.ufficiovisti@esteri.it Per VISTI AFFARI: segrcomm.minsk@esteri.it Il Servizio Visti \u00e8 [&hellip;]","protected":false},"author":2,"featured_media":0,"parent":13,"menu_order":4,"comment_status":"closed","ping_status":"closed","template":"","meta":{"footnotes":""},"class_list":["post-130","page","type-page","status-publish","hentry"],"_links":{"self":[{"href":"https:\/\/ambminsk.esteri.it\/it\/wp-json\/wp\/v2\/pages\/130","targetHints":{"allow":["GET"]}}],"collection":[{"href":"https:\/\/ambminsk.esteri.it\/it\/wp-json\/wp\/v2\/pages"}],"about":[{"href":"https:\/\/ambminsk.esteri.it\/it\/wp-json\/wp\/v2\/types\/page"}],"author":[{"embeddable":true,"href":"https:\/\/ambminsk.esteri.it\/it\/wp-json\/wp\/v2\/users\/2"}],"replies":[{"embeddable":true,"href":"https:\/\/ambminsk.esteri.it\/it\/wp-json\/wp\/v2\/comments?post=130"}],"version-history":[{"count":6,"href":"https:\/\/ambminsk.esteri.it\/it\/wp-json\/wp\/v2\/pages\/130\/revisions"}],"predecessor-version":[{"id":3630,"href":"https:\/\/ambminsk.esteri.it\/it\/wp-json\/wp\/v2\/pages\/130\/revisions\/3630"}],"up":[{"embeddable":true,"href":"https:\/\/ambminsk.esteri.it\/it\/wp-json\/wp\/v2\/pages\/13"}],"wp:attachment":[{"href":"https:\/\/ambminsk.esteri.it\/it\/wp-json\/wp\/v2\/media?parent=130"}],"curies":[{"name":"wp","href":"https:\/\/api.w.org\/{rel}","templated":true}]}}