{"id":101,"date":"2023-04-11T18:24:57","date_gmt":"2023-04-11T16:24:57","guid":{"rendered":"https:\/\/ambasciatapraga.esteri.it\/?page_id=101"},"modified":"2024-03-05T17:41:34","modified_gmt":"2024-03-05T14:41:34","slug":"lingua-e-cultura-italiana","status":"publish","type":"page","link":"https:\/\/ambminsk.esteri.it\/it\/italia-e-bielorussia\/diplomazia-culturale\/lingua-e-cultura-italiana\/","title":{"rendered":"Lingua e Cultura italiana"},"content":{"rendered":"<p>In Bielorussia \u00e8 possibile sostenere gli esami per la <strong><a href=\"https:\/\/plida.dante.global\/it\">certificazione PLIDA<\/a> della conoscenza della lingua italiana<\/strong>. La certificazione \u00e8 rilasciata della <strong>Societ\u00e0 Dante Alighieri<\/strong> di Minsk. Per maggiori informazioni \u00e8 possibile consultare il sito della Societ\u00e0 al seguente indirizzo:\u00a0<a href=\"http:\/\/dante.by\/\">http:\/\/dante.by<\/a>.<\/p>\n<p>Il Ministero dell\u2019Universit\u00e0 e della Ricerca italiano ha inoltre approvato il riconoscimento e l\u2019equiparazione della Certificazione PLIDA alle altre certificazioni di competenza linguistica ufficialmente riconosciute come titolo per l\u2019immatricolazione universitaria a condizioni agevolate degli studenti stranieri.<\/p>\n<p>Anche altre scuole private offrono corsi d\u2019italiano a Minsk. Se ne riporta un elenco non esaustivo:<\/p>\n<ul>\n<li>Foreign Languages Centre: <a href=\"https:\/\/flc.by\">https:\/\/flc.by<\/a><\/li>\n<li>Step by step: <a href=\"https:\/\/sbs.by\">https:\/\/sbs.by<\/a><\/li>\n<li>ItaliAmo: <a href=\"https:\/\/italiAmo.by\/kursy-italyanskogo-yazyka\/\">https:\/\/italiAmo.by\/kursy-italyanskogo-yazyka\/<\/a><\/li>\n<li>Formitalia:\u00a0<a href=\"https:\/\/formitalia.by\/\">https:\/\/formitalia.by\/<\/a><\/li>\n<\/ul>\n<p>&nbsp;<\/p>\n","protected":false},"excerpt":{"rendered":"In Bielorussia \u00e8 possibile sostenere gli esami per la certificazione PLIDA della conoscenza della lingua italiana. La certificazione \u00e8 rilasciata della Societ\u00e0 Dante Alighieri di Minsk. Per maggiori informazioni \u00e8 possibile consultare il sito della Societ\u00e0 al seguente indirizzo:\u00a0http:\/\/dante.by. Il Ministero dell\u2019Universit\u00e0 e della Ricerca italiano ha inoltre approvato il riconoscimento e l\u2019equiparazione della Certificazione [&hellip;]","protected":false},"author":1,"featured_media":0,"parent":44,"menu_order":0,"comment_status":"closed","ping_status":"closed","template":"","meta":{"footnotes":""},"class_list":["post-101","page","type-page","status-publish","hentry"],"_links":{"self":[{"href":"https:\/\/ambminsk.esteri.it\/it\/wp-json\/wp\/v2\/pages\/101","targetHints":{"allow":["GET"]}}],"collection":[{"href":"https:\/\/ambminsk.esteri.it\/it\/wp-json\/wp\/v2\/pages"}],"about":[{"href":"https:\/\/ambminsk.esteri.it\/it\/wp-json\/wp\/v2\/types\/page"}],"author":[{"embeddable":true,"href":"https:\/\/ambminsk.esteri.it\/it\/wp-json\/wp\/v2\/users\/1"}],"replies":[{"embeddable":true,"href":"https:\/\/ambminsk.esteri.it\/it\/wp-json\/wp\/v2\/comments?post=101"}],"version-history":[{"count":6,"href":"https:\/\/ambminsk.esteri.it\/it\/wp-json\/wp\/v2\/pages\/101\/revisions"}],"predecessor-version":[{"id":1844,"href":"https:\/\/ambminsk.esteri.it\/it\/wp-json\/wp\/v2\/pages\/101\/revisions\/1844"}],"up":[{"embeddable":true,"href":"https:\/\/ambminsk.esteri.it\/it\/wp-json\/wp\/v2\/pages\/44"}],"wp:attachment":[{"href":"https:\/\/ambminsk.esteri.it\/it\/wp-json\/wp\/v2\/media?parent=101"}],"curies":[{"name":"wp","href":"https:\/\/api.w.org\/{rel}","templated":true}]}}